{"id":25,"date":"2021-10-19T03:51:01","date_gmt":"2021-10-19T03:51:01","guid":{"rendered":"https:\/\/hara.thembaydev.com\/demo-5\/?page_id=25"},"modified":"2025-10-04T11:07:40","modified_gmt":"2025-10-04T08:07:40","slug":"contact-us","status":"publish","type":"page","link":"https:\/\/zahia.store\/tr\/contact-us\/","title":{"rendered":"Bizimle ileti\u015fime ge\u00e7in"},"content":{"rendered":"<div data-elementor-type=\"wp-page\" data-elementor-id=\"25\" class=\"elementor elementor-25\">\n\t\t\t\t\t\t<section class=\"elementor-section elementor-top-section elementor-element elementor-element-46257dda elementor-section-stretched elementor-section-boxed elementor-section-height-default elementor-section-height-default\" data-id=\"46257dda\" data-element_type=\"section\" data-settings=\"{&quot;stretch_section&quot;:&quot;section-stretched&quot;}\">\n\t\t\t\t\t\t<div class=\"elementor-container elementor-column-gap-default\">\n\t\t\t\t\t<div class=\"elementor-column elementor-col-33 elementor-top-column elementor-element elementor-element-4059fe95\" data-id=\"4059fe95\" data-element_type=\"column\">\n\t\t\t<div class=\"elementor-widget-wrap\">\n\t\t\t\t\t\t\t<\/div>\n\t\t<\/div>\n\t\t\t\t<div class=\"elementor-column elementor-col-33 elementor-top-column elementor-element elementor-element-8c123db\" data-id=\"8c123db\" data-element_type=\"column\">\n\t\t\t<div class=\"elementor-widget-wrap elementor-element-populated\">\n\t\t\t\t\t\t<div class=\"elementor-element elementor-element-57685801 elementor-widget elementor-widget-tbay-heading\" data-id=\"57685801\" data-element_type=\"widget\" data-widget_type=\"tbay-heading.default\">\n\t\t\t\t<div class=\"elementor-widget-container\">\n\t\t\t\t\t\r\n<div class=\"tbay-element tbay-element-heading\">\r\n\t\t\t\t<h3 class=\"heading-tbay-title style-1\">\r\n                \r\n                 \r\n\r\n\t\t\t\t\t\t\t\t\t<span class=\"title\">Bizimle s\u00fcrekli ileti\u015fimde kal\u0131n<\/span>\r\n\t\t\t\t\t    \t\r\n\r\n                \t\t\t\t\t<span class=\"description\">Sadece haz\u0131r parf\u00fcmler sunmakla kalm\u0131yor, ayn\u0131 zamanda ruhunuza ve zevkinize g\u00f6re \u00f6zel olarak tasarlanm\u0131\u015f bir par\u00e7aym\u0131\u015f gibi kendi parf\u00fcm\u00fcn\u00fcz\u00fc veya t\u00fcts\u00fcn\u00fcz\u00fc de yarat\u0131yoruz. Zaha&#039;n\u0131n her damlas\u0131, saatlerce s\u00fcren \u00f6zverili \u00e7al\u0131\u015fman\u0131n ve tam olarak sizin gibi bir \u015fey yaratmaya olan b\u00fcy\u00fck sevginin sonucudur.<\/span>  \r\n\t\t\t\t\r\n                <i aria-hidden=\"true\" class=\"tb-icon tb-icon-wave\"><\/i>\r\n\t\t\t<\/h3>\r\n        <\/div>\t\t\t\t<\/div>\n\t\t\t\t<\/div>\n\t\t\t\t\t<\/div>\n\t\t<\/div>\n\t\t\t\t<div class=\"elementor-column elementor-col-33 elementor-top-column elementor-element elementor-element-7a0a37c2\" data-id=\"7a0a37c2\" data-element_type=\"column\">\n\t\t\t<div class=\"elementor-widget-wrap\">\n\t\t\t\t\t\t\t<\/div>\n\t\t<\/div>\n\t\t\t\t\t<\/div>\n\t\t<\/section>\n\t\t\t\t<section class=\"elementor-section elementor-top-section elementor-element elementor-element-176667d5 elementor-section-stretched elementor-section-boxed elementor-section-height-default elementor-section-height-default\" data-id=\"176667d5\" data-element_type=\"section\" data-settings=\"{&quot;stretch_section&quot;:&quot;section-stretched&quot;}\">\n\t\t\t\t\t\t<div class=\"elementor-container elementor-column-gap-default\">\n\t\t\t\t\t<div class=\"elementor-column elementor-col-33 elementor-top-column elementor-element elementor-element-394437c3\" data-id=\"394437c3\" data-element_type=\"column\">\n\t\t\t<div class=\"elementor-widget-wrap elementor-element-populated\">\n\t\t\t\t\t\t<div class=\"elementor-element elementor-element-b262cf9 elementor-view-stacked elementor-shape-circle elementor-widget elementor-widget-icon\" data-id=\"b262cf9\" data-element_type=\"widget\" data-widget_type=\"icon.default\">\n\t\t\t\t<div class=\"elementor-widget-container\">\n\t\t\t\t\t\t\t<div class=\"elementor-icon-wrapper\">\n\t\t\t<div class=\"elementor-icon\">\n\t\t\t<i aria-hidden=\"true\" class=\"tb-icon tb-icon-zu-location\"><\/i>\t\t\t<\/div>\n\t\t<\/div>\n\t\t\t\t\t\t<\/div>\n\t\t\t\t<\/div>\n\t\t\t\t<div class=\"elementor-element elementor-element-1235f8e5 elementor-widget elementor-widget-tbay-heading\" data-id=\"1235f8e5\" data-element_type=\"widget\" data-widget_type=\"tbay-heading.default\">\n\t\t\t\t<div class=\"elementor-widget-container\">\n\t\t\t\t\t\r\n<div class=\"tbay-element tbay-element-heading\">\r\n\t\t\t\t<h3 class=\"heading-tbay-title style-1\">\r\n                \r\n                 \r\n\r\n\t\t\t\t\t\t\t\t\t<span class=\"title\">Konum<\/span>\r\n\t\t\t\t\t    \t\r\n\r\n                \t\t\t\t\t<span class=\"description\">\u0130stanbul-T\u00fcrkiye<\/span>  \r\n\t\t\t\t\r\n                <i aria-hidden=\"true\" class=\"tb-icon tb-icon-check-circle\"><\/i>\r\n\t\t\t<\/h3>\r\n        <\/div>\t\t\t\t<\/div>\n\t\t\t\t<\/div>\n\t\t\t\t\t<\/div>\n\t\t<\/div>\n\t\t\t\t<div class=\"elementor-column elementor-col-33 elementor-top-column elementor-element elementor-element-3b821a78\" data-id=\"3b821a78\" data-element_type=\"column\">\n\t\t\t<div class=\"elementor-widget-wrap elementor-element-populated\">\n\t\t\t\t\t\t<div class=\"elementor-element elementor-element-0d45dff elementor-view-stacked elementor-shape-circle elementor-widget elementor-widget-icon\" data-id=\"0d45dff\" data-element_type=\"widget\" data-widget_type=\"icon.default\">\n\t\t\t\t<div class=\"elementor-widget-container\">\n\t\t\t\t\t\t\t<div class=\"elementor-icon-wrapper\">\n\t\t\t<div class=\"elementor-icon\">\n\t\t\t<i aria-hidden=\"true\" class=\"tb-icon tb-icon-zu-call\"><\/i>\t\t\t<\/div>\n\t\t<\/div>\n\t\t\t\t\t\t<\/div>\n\t\t\t\t<\/div>\n\t\t\t\t<div class=\"elementor-element elementor-element-798a7b18 elementor-widget elementor-widget-tbay-heading\" data-id=\"798a7b18\" data-element_type=\"widget\" data-widget_type=\"tbay-heading.default\">\n\t\t\t\t<div class=\"elementor-widget-container\">\n\t\t\t\t\t\r\n<div class=\"tbay-element tbay-element-heading\">\r\n\t\t\t\t<h3 class=\"heading-tbay-title style-1\">\r\n                \r\n                 \r\n\r\n\t\t\t\t\t\t\t\t\t<span class=\"title\">Telefon numaras\u0131<\/span>\r\n\t\t\t\t\t    \t\r\n\r\n                \t\t\t\t\t<span class=\"description\">+90 510 223 3335<\/span>  \r\n\t\t\t\t\r\n                <i aria-hidden=\"true\" class=\"tb-icon tb-icon-check-circle\"><\/i>\r\n\t\t\t<\/h3>\r\n        <\/div>\t\t\t\t<\/div>\n\t\t\t\t<\/div>\n\t\t\t\t\t<\/div>\n\t\t<\/div>\n\t\t\t\t<div class=\"elementor-column elementor-col-33 elementor-top-column elementor-element elementor-element-1eb3e4f4\" data-id=\"1eb3e4f4\" data-element_type=\"column\">\n\t\t\t<div class=\"elementor-widget-wrap elementor-element-populated\">\n\t\t\t\t\t\t<div class=\"elementor-element elementor-element-1621c6b elementor-view-stacked elementor-shape-circle elementor-widget elementor-widget-icon\" data-id=\"1621c6b\" data-element_type=\"widget\" data-widget_type=\"icon.default\">\n\t\t\t\t<div class=\"elementor-widget-container\">\n\t\t\t\t\t\t\t<div class=\"elementor-icon-wrapper\">\n\t\t\t<div class=\"elementor-icon\">\n\t\t\t<i aria-hidden=\"true\" class=\"sim-icon icon-envelope-open\"><\/i>\t\t\t<\/div>\n\t\t<\/div>\n\t\t\t\t\t\t<\/div>\n\t\t\t\t<\/div>\n\t\t\t\t<div class=\"elementor-element elementor-element-755112fd elementor-widget elementor-widget-tbay-heading\" data-id=\"755112fd\" data-element_type=\"widget\" data-widget_type=\"tbay-heading.default\">\n\t\t\t\t<div class=\"elementor-widget-container\">\n\t\t\t\t\t\r\n<div class=\"tbay-element tbay-element-heading\">\r\n\t\t\t\t<h3 class=\"heading-tbay-title style-1\">\r\n                \r\n                 \r\n\r\n\t\t\t\t\t\t\t\t\t<span class=\"title\">E-posta adresi<\/span>\r\n\t\t\t\t\t    \t\r\n\r\n                \t\t\t\t\t<span class=\"description\">zahiakoku@zahia.store<\/span>  \r\n\t\t\t\t\r\n                <i aria-hidden=\"true\" class=\"tb-icon tb-icon-check-circle\"><\/i>\r\n\t\t\t<\/h3>\r\n        <\/div>\t\t\t\t<\/div>\n\t\t\t\t<\/div>\n\t\t\t\t\t<\/div>\n\t\t<\/div>\n\t\t\t\t\t<\/div>\n\t\t<\/section>\n\t\t\t\t<section class=\"elementor-section elementor-top-section elementor-element elementor-element-2392a887 elementor-section-boxed elementor-section-height-default elementor-section-height-default\" data-id=\"2392a887\" data-element_type=\"section\">\n\t\t\t\t\t\t<div class=\"elementor-container elementor-column-gap-default\">\n\t\t\t\t\t<div class=\"elementor-column elementor-col-50 elementor-top-column elementor-element elementor-element-4425adf7\" data-id=\"4425adf7\" data-element_type=\"column\" data-settings=\"{&quot;background_background&quot;:&quot;classic&quot;}\">\n\t\t\t<div class=\"elementor-widget-wrap elementor-element-populated\">\n\t\t\t\t\t\t<div class=\"elementor-element elementor-element-8a5b985 elementor-widget elementor-widget-shortcode\" data-id=\"8a5b985\" data-element_type=\"widget\" data-widget_type=\"shortcode.default\">\n\t\t\t\t<div class=\"elementor-widget-container\">\n\t\t\t\t\t\t\t<div class=\"elementor-shortcode\"><style id=\"wpforms-css-vars-4591\">\n\t\t\t\t#wpforms-4591 {\n\t\t\t\t--wpforms-field-size-input-height: 43px;\n--wpforms-field-size-input-spacing: 15px;\n--wpforms-field-size-font-size: 16px;\n--wpforms-field-size-line-height: 19px;\n--wpforms-field-size-padding-h: 14px;\n--wpforms-field-size-checkbox-size: 16px;\n--wpforms-field-size-sublabel-spacing: 5px;\n--wpforms-field-size-icon-size: 1;\n--wpforms-label-size-font-size: 16px;\n--wpforms-label-size-line-height: 19px;\n--wpforms-label-size-sublabel-font-size: 14px;\n--wpforms-label-size-sublabel-line-height: 17px;\n--wpforms-button-size-font-size: 17px;\n--wpforms-button-size-height: 41px;\n--wpforms-button-size-padding-h: 15px;\n--wpforms-button-size-margin-top: 10px;\n--wpforms-container-shadow-size-box-shadow: none;\n\t\t\t}\n\t\t\t<\/style><div class=\"wpforms-container wpforms-container-full wpforms-render-modern\" id=\"wpforms-4591\"><form id=\"wpforms-form-4591\" class=\"wpforms-validate wpforms-form wpforms-ajax-form\" data-formid=\"4591\" method=\"post\" enctype=\"multipart\/form-data\" action=\"\/tr\/wp-json\/wp\/v2\/pages\/25\" data-token=\"3a0a317524f54cf60240315b634fcb2f\" data-token-time=\"1775813641\" data-trp-original-action=\"\/tr\/wp-json\/wp\/v2\/pages\/25\"><noscript class=\"wpforms-error-noscript\">Bu formu bitirebilmek i\u00e7in taray\u0131c\u0131n\u0131zda JavaScript&#039;i etkinle\u015ftirin.<\/noscript><div id=\"wpforms-error-noscript\" style=\"display: none;\">Bu formu bitirebilmek i\u00e7in taray\u0131c\u0131n\u0131zda JavaScript&#039;i etkinle\u015ftirin.<\/div><div class=\"wpforms-field-container\"><div id=\"wpforms-4591-field_2-container\" class=\"wpforms-field wpforms-field-name\" data-field-id=\"2\"><label class=\"wpforms-field-label wpforms-label-hide\" for=\"wpforms-4591-field_2\" aria-hidden=\"false\">Tam ad\u0131n\u0131z <span class=\"wpforms-required-label\" aria-hidden=\"true\">*<\/span><\/label><input type=\"text\" id=\"wpforms-4591-field_2\" class=\"wpforms-field-large wpforms-field-required\" name=\"wpforms[fields][2]\" placeholder=\"Tam ad\u0131n\u0131z\" aria-errormessage=\"wpforms-4591-field_2-error\" required><\/div><div id=\"wpforms-4591-field_3-container\" class=\"wpforms-field wpforms-field-email\" data-field-id=\"3\"><label class=\"wpforms-field-label wpforms-label-hide\" for=\"wpforms-4591-field_3\" aria-hidden=\"false\">E-posta adresi <span class=\"wpforms-required-label\" aria-hidden=\"true\">*<\/span><\/label><input type=\"email\" id=\"wpforms-4591-field_3\" class=\"wpforms-field-large wpforms-field-required\" name=\"wpforms[fields][3]\" placeholder=\"E-posta adresi\" spellcheck=\"false\" aria-errormessage=\"wpforms-4591-field_3-error\" required><\/div><div id=\"wpforms-4591-field_1-container\" class=\"wpforms-field wpforms-field-text\" data-field-id=\"1\"><label class=\"wpforms-field-label wpforms-label-hide\" for=\"wpforms-4591-field_1\" aria-hidden=\"false\">Telefon numaras\u0131<\/label><input type=\"text\" id=\"wpforms-4591-field_1\" class=\"wpforms-field-large\" name=\"wpforms[fields][1]\" placeholder=\"Telefon numaras\u0131\" aria-errormessage=\"wpforms-4591-field_1-error\" ><\/div>\t\t<div id=\"wpforms-4591-field_5-container\"\n\t\t\tclass=\"wpforms-field wpforms-field-text\"\n\t\t\tdata-field-type=\"text\"\n\t\t\tdata-field-id=\"5\"\n\t\t\t>\n\t\t\t<label class=\"wpforms-field-label\" for=\"wpforms-4591-field_5\" >\u0627\u0644\u0628\u0631\u064a\u062f \u0628\u0627\u0644\u0643\u0627\u0645\u0644 \u0631\u0642\u0645<\/label>\n\t\t\t<input type=\"text\" id=\"wpforms-4591-field_5\" class=\"wpforms-field-medium\" name=\"wpforms[fields][5]\" >\n\t\t<\/div>\n\t\t<div id=\"wpforms-4591-field_4-container\" class=\"wpforms-field wpforms-field-textarea\" data-field-id=\"4\"><label class=\"wpforms-field-label wpforms-label-hide\" for=\"wpforms-4591-field_4\" aria-hidden=\"false\">Mesaj\u0131n\u0131z\u0131 b\u0131rak\u0131n<\/label><textarea id=\"wpforms-4591-field_4\" class=\"wpforms-field-medium\" name=\"wpforms[fields][4]\" placeholder=\"Mesaj\u0131n\u0131z\u0131 b\u0131rak\u0131n\" aria-errormessage=\"wpforms-4591-field_4-error\" ><\/textarea><\/div><script>\n\t\t\t\t( function() {\n\t\t\t\t\tconst style = document.createElement( 'style' );\n\t\t\t\t\tstyle.appendChild( document.createTextNode( '#wpforms-4591-field_5-container { position: absolute !important; overflow: hidden !important; display: inline !important; height: 1px !important; width: 1px !important; z-index: -1000 !important; padding: 0 !important; } #wpforms-4591-field_5-container input { visibility: hidden; } #wpforms-conversational-form-page #wpforms-4591-field_5-container label { counter-increment: none; }' ) );\n\t\t\t\t\tdocument.head.appendChild( style );\n\t\t\t\t\tdocument.currentScript?.remove();\n\t\t\t\t} )();\n\t\t\t<\/script><\/div><!-- .wpforms-field-container --><div class=\"wpforms-submit-container\" ><input type=\"hidden\" name=\"wpforms[id]\" value=\"4591\"><input type=\"hidden\" name=\"page_title\" value=\"\"><input type=\"hidden\" name=\"page_url\" value=\"https:\/\/zahia.store\/tr\/wp-json\/wp\/v2\/pages\/25\"><input type=\"hidden\" name=\"url_referer\" value=\"\"><button type=\"submit\" name=\"wpforms[submit]\" id=\"wpforms-submit-4591\" class=\"wpforms-submit\" data-alt-text=\"\u062c\u0627\u0631\u064a \u0627\u0631\u0633\u0627\u0644 \u0627\u0644\u0631\u0633\u0627\u0644\u0629 ...\" data-submit-text=\"\u0627\u0631\u0633\u0644 \u0631\u0633\u0627\u0644\u062a\u0643\" aria-live=\"assertive\" value=\"wpforms-submit\">Mesaj\u0131n\u0131z\u0131 g\u00f6nderin<\/button><img  title=\"\" decoding=\"async\" src=\"https:\/\/zahia.store\/wp-content\/plugins\/wpforms\/assets\/images\/submit-spin.svg\" class=\"wpforms-submit-spinner\" style=\"display: none;\" width=\"26\" height=\"26\"  alt=\"submit-spin \u062a\u0648\u0627\u0635\u0644 \u0645\u0639\u0646\u0627\" ><\/div><input type=\"hidden\" name=\"trp-form-language\" value=\"tr\"\/><\/form><\/div>  <!-- .wpforms-container -->\t<\/div>\n\t\t\t\t\t\t<\/div>\n\t\t\t\t<\/div>\n\t\t\t\t\t<\/div>\n\t\t<\/div>\n\t\t\t\t<div class=\"elementor-column elementor-col-50 elementor-top-column elementor-element elementor-element-733f58f\" data-id=\"733f58f\" data-element_type=\"column\">\n\t\t\t<div class=\"elementor-widget-wrap elementor-element-populated\">\n\t\t\t\t\t\t<div class=\"elementor-element elementor-element-e4162cf elementor-widget elementor-widget-google_maps\" data-id=\"e4162cf\" data-element_type=\"widget\" data-widget_type=\"google_maps.default\">\n\t\t\t\t<div class=\"elementor-widget-container\">\n\t\t\t\t\t\t\t<div class=\"elementor-custom-embed\">\n\t\t\t<iframe loading=\"lazy\"\n\t\t\t\t\tsrc=\"https:\/\/maps.google.com\/maps?q=%C4%B0stanbul&#038;t=m&#038;z=10&#038;output=embed&#038;iwloc=near\"\n\t\t\t\t\ttitle=\"\u0130stanbul\"\n\t\t\t\t\taria-label=\"\u0130stanbul\"\n\t\t\t><\/iframe>\n\t\t<\/div>\n\t\t\t\t\t\t<\/div>\n\t\t\t\t<\/div>\n\t\t\t\t\t<\/div>\n\t\t<\/div>\n\t\t\t\t\t<\/div>\n\t\t<\/section>\n\t\t\t\t<\/div>","protected":false},"excerpt":{"rendered":"<p>\u0627\u0628\u0642 \u0639\u0644\u0649 \u062a\u0648\u0627\u0635\u0644 \u062f\u0627\u0626\u0645 \u0645\u0639\u0646\u0627 \u0646\u062d\u0646 \u0644\u0627 \u0646\u0642\u062f\u0645 \u0639\u0637\u0648\u0631\u0627\u064b \u062c\u0627\u0647\u0632\u0629 \u0641\u0642\u0637\u060c \u0628\u0644 \u0646\u0628\u062a\u0643\u0631 \u0639\u0637\u0631\u0627\u064b \u0623\u0648 \u0628\u062e\u0648\u0631\u0627\u064b \u062e\u0627\u0635\u0627\u064b \u0628\u0643\u060c \u0648\u0643\u0623\u0646\u0647 \u0642\u0637\u0639\u0629 \u0645\u0635\u0645\u0645\u0629 \u062e\u0635\u064a\u0635\u0627\u064b \u0644\u062a\u0644\u064a\u0642 \u0628\u0631\u0648\u062d\u0643 \u0648\u0630\u0648\u0642\u0643. \u0641\u0643\u0644 \u0642\u0637\u0631\u0629 \u0645\u0646 \u0632\u0627\u0647\u064a\u0629 \u0647\u064a \u0646\u062a\u064a\u062c\u0629 \u0633\u0627\u0639\u0627\u062a \u0645\u0646 \u0627\u0644\u0639\u0645\u0644 \u0627\u0644\u0645\u062a\u0641\u0627\u0646\u064a \u0648\u0627\u0644\u062d\u0628 \u0627\u0644\u0643\u0628\u064a\u0631 \u0644\u062e\u0644\u0642 \u0634\u064a\u0621 \u064a\u064f\u0634\u0628\u0647\u0643 \u062a\u0645\u0627\u0645\u0627\u064b. \u0627\u0644\u0645\u0648\u0642\u0639 \u0627\u0633\u0637\u0646\u0628\u0648\u0644 &#8211; \u062a\u0631\u0643\u064a\u0627 \u0631\u0642\u0645 \u0627\u0644\u0647\u0627\u062a\u0641 +90 510 223 3335 \u0627\u0644\u0628\u0631\u064a\u062f \u0627\u0644\u0627\u0644\u0643\u062a\u0631\u0648\u0646\u064a zahiakoku@zahia.store<\/p>","protected":false},"author":1,"featured_media":0,"parent":0,"menu_order":0,"comment_status":"closed","ping_status":"closed","template":"","meta":{"om_disable_all_campaigns":false,"_monsterinsights_skip_tracking":false,"_monsterinsights_sitenote_active":false,"_monsterinsights_sitenote_note":"","_monsterinsights_sitenote_category":0,"footnotes":""},"class_list":["post-25","page","type-page","status-publish","hentry"],"aioseo_notices":[],"jetpack_sharing_enabled":true,"_links":{"self":[{"href":"https:\/\/zahia.store\/tr\/wp-json\/wp\/v2\/pages\/25","targetHints":{"allow":["GET"]}}],"collection":[{"href":"https:\/\/zahia.store\/tr\/wp-json\/wp\/v2\/pages"}],"about":[{"href":"https:\/\/zahia.store\/tr\/wp-json\/wp\/v2\/types\/page"}],"author":[{"embeddable":true,"href":"https:\/\/zahia.store\/tr\/wp-json\/wp\/v2\/users\/1"}],"replies":[{"embeddable":true,"href":"https:\/\/zahia.store\/tr\/wp-json\/wp\/v2\/comments?post=25"}],"version-history":[{"count":3,"href":"https:\/\/zahia.store\/tr\/wp-json\/wp\/v2\/pages\/25\/revisions"}],"predecessor-version":[{"id":5648,"href":"https:\/\/zahia.store\/tr\/wp-json\/wp\/v2\/pages\/25\/revisions\/5648"}],"wp:attachment":[{"href":"https:\/\/zahia.store\/tr\/wp-json\/wp\/v2\/media?parent=25"}],"curies":[{"name":"wp","href":"https:\/\/api.w.org\/{rel}","templated":true}]}}