{"id":27,"date":"2021-10-19T03:51:32","date_gmt":"2021-10-19T03:51:32","guid":{"rendered":"https:\/\/hara.thembaydev.com\/demo-5\/?page_id=27"},"modified":"2025-10-27T14:00:15","modified_gmt":"2025-10-27T11:00:15","slug":"about-us","status":"publish","type":"page","link":"https:\/\/zahia.store\/tr\/about-us\/","title":{"rendered":"\u015eirket hakk\u0131nda"},"content":{"rendered":"<div data-elementor-type=\"wp-page\" data-elementor-id=\"27\" class=\"elementor elementor-27\">\n\t\t\t\t\t\t<section class=\"elementor-section elementor-top-section elementor-element elementor-element-484eec31 elementor-section-content-middle elementor-section-boxed elementor-section-height-default elementor-section-height-default\" data-id=\"484eec31\" data-element_type=\"section\">\n\t\t\t\t\t\t<div class=\"elementor-container elementor-column-gap-default\">\n\t\t\t\t\t<div class=\"elementor-column elementor-col-50 elementor-top-column elementor-element elementor-element-634d5c8a elementor-invisible\" data-id=\"634d5c8a\" data-element_type=\"column\" data-settings=\"{&quot;animation&quot;:&quot;fadeInRight&quot;}\">\n\t\t\t<div class=\"elementor-widget-wrap elementor-element-populated\">\n\t\t\t\t\t\t<div class=\"elementor-element elementor-element-7b38328 elementor-widget elementor-widget-tbay-heading\" data-id=\"7b38328\" data-element_type=\"widget\" data-widget_type=\"tbay-heading.default\">\n\t\t\t\t<div class=\"elementor-widget-container\">\n\t\t\t\t\t\r\n<div class=\"tbay-element tbay-element-heading\">\r\n\t\t\t\t<h3 class=\"heading-tbay-title style-1\">\r\n                \r\n                 \r\n\r\n\t\t\t\t\t\t\t\t\t<span class=\"title\">Zahia Parf\u00fcmleri<\/span>\r\n\t\t\t\t\t    \t\r\n\r\n                \r\n                <i aria-hidden=\"true\" class=\"tb-icon tb-icon-wave\"><\/i>\r\n\t\t\t<\/h3>\r\n        <\/div>\t\t\t\t<\/div>\n\t\t\t\t<\/div>\n\t\t\t\t<div class=\"elementor-element elementor-element-c19813b elementor-widget elementor-widget-text-editor\" data-id=\"c19813b\" data-element_type=\"widget\" data-widget_type=\"text-editor.default\">\n\t\t\t\t<div class=\"elementor-widget-container\">\n\t\t\t\t\t\t\t\t\t<p>Zahia Parf\u00fcm'de sadece parf\u00fcm satm\u0131yoruz, hayat\u0131n\u0131zda unutulmaz bir iz b\u0131rakan deneyimler yarat\u0131yoruz. Bir kokunun sadece bir kokudan daha fazlas\u0131 oldu\u011funa inan\u0131yoruz; ki\u015fili\u011finizi, an\u0131lar\u0131n\u0131z\u0131 ve hayallerinizi yans\u0131tan ki\u015fisel bir imzad\u0131r.<\/p><p>\u00a0<\/p><p><strong>Geleneklerden kurtulun, biz sizin eksik par\u00e7an\u0131z\u0131z<\/strong><br \/>Yarat\u0131c\u0131l\u0131k ve benzersizlik ruhunu ta\u015f\u0131yan \u00fcr\u00fcnler sunarak parf\u00fcm ve t\u00fcts\u00fc d\u00fcnyas\u0131ndaki geleneksel kal\u0131plar\u0131 k\u0131rmay\u0131 hedefliyoruz. Her Zahia kokusu ve t\u00fcts\u00fcs\u00fc, g\u00fcnl\u00fck anlar\u0131n\u0131z\u0131 tutku ve g\u00fczellik dolu benzersiz bir deneyim haline getirmek i\u00e7in sevgiyle yarat\u0131lm\u0131\u015f bir sanat eseridir.<\/p>\t\t\t\t\t\t\t\t<\/div>\n\t\t\t\t<\/div>\n\t\t\t\t\t<\/div>\n\t\t<\/div>\n\t\t\t\t<div class=\"elementor-column elementor-col-50 elementor-top-column elementor-element elementor-element-72e96c73 elementor-invisible\" data-id=\"72e96c73\" data-element_type=\"column\" data-settings=\"{&quot;animation&quot;:&quot;fadeInLeft&quot;}\">\n\t\t\t<div class=\"elementor-widget-wrap elementor-element-populated\">\n\t\t\t\t\t\t<div class=\"elementor-element elementor-element-2e2a5a5c elementor-widget elementor-widget-image\" data-id=\"2e2a5a5c\" data-element_type=\"widget\" data-widget_type=\"image.default\">\n\t\t\t\t<div class=\"elementor-widget-container\">\n\t\t\t\t\t\t\t\t\t\t\t\t\t\t\t<img  title=\"\" fetchpriority=\"high\" decoding=\"async\" width=\"642\" height=\"385\" src=\"https:\/\/zahia.store\/wp-content\/uploads\/2025\/01\/img-about-us.jpg\" class=\"attachment-full size-full wp-image-4770\"  alt=\"img-about-us \u0639\u0646 \u0627\u0644\u0634\u0631\u0643\u0629\"  \/>\t\t\t\t\t\t\t\t\t\t\t\t\t\t\t<\/div>\n\t\t\t\t<\/div>\n\t\t\t\t\t<\/div>\n\t\t<\/div>\n\t\t\t\t\t<\/div>\n\t\t<\/section>\n\t\t\t\t<section class=\"elementor-section elementor-top-section elementor-element elementor-element-26ff498e elementor-section-boxed elementor-section-height-default elementor-section-height-default\" data-id=\"26ff498e\" data-element_type=\"section\">\n\t\t\t\t\t\t<div class=\"elementor-container elementor-column-gap-default\">\n\t\t\t\t\t<div class=\"elementor-column elementor-col-33 elementor-top-column elementor-element elementor-element-4d20d7dd elementor-invisible\" data-id=\"4d20d7dd\" data-element_type=\"column\" data-settings=\"{&quot;background_background&quot;:&quot;classic&quot;,&quot;animation&quot;:&quot;fadeInUp&quot;}\">\n\t\t\t<div class=\"elementor-widget-wrap elementor-element-populated\">\n\t\t\t\t\t\t<div class=\"elementor-element elementor-element-29a77395 elementor-widget elementor-widget-tbay-heading\" data-id=\"29a77395\" data-element_type=\"widget\" data-widget_type=\"tbay-heading.default\">\n\t\t\t\t<div class=\"elementor-widget-container\">\n\t\t\t\t\t\r\n<div class=\"tbay-element tbay-element-heading\">\r\n\t\t\t\t<h3 class=\"heading-tbay-title style-1\">\r\n                \r\n                 \r\n\r\n\t\t\t\t\t\t\t\t\t<span class=\"title\">\u015eirketin Misyonu<\/span>\r\n\t\t\t\t\t    \t\r\n\r\n                \r\n                <i aria-hidden=\"true\" class=\"tb-icon tb-icon-wave\"><\/i>\r\n\t\t\t<\/h3>\r\n        <\/div>\t\t\t\t<\/div>\n\t\t\t\t<\/div>\n\t\t\t\t<div class=\"elementor-element elementor-element-3e58224f elementor-widget elementor-widget-text-editor\" data-id=\"3e58224f\" data-element_type=\"widget\" data-widget_type=\"text-editor.default\">\n\t\t\t\t<div class=\"elementor-widget-container\">\n\t\t\t\t\t\t\t\t\t<p>Zahia Perfumes olarak misyonumuz, m\u00fc\u015fterilerimizin e\u015fsiz ki\u015filiklerini yans\u0131tan benzersiz koku deneyimleri yaratmakt\u0131r. M\u00fc\u015fterilerimize her an g\u00fcven ve g\u00fczellik hissi veren, kalite ve benzersizli\u011fi bir araya getiren kokular ve t\u00fcts\u00fcler tasarlamak i\u00e7in tutkuyla ve titizlikle \u00e7al\u0131\u015f\u0131yoruz. Hikayelerini anlatan ve \u00f6zel an\u0131lar\u0131n\u0131 ifade eden kokular arayan parf\u00fcm severlerin ilk adresi olmak i\u00e7in \u00e7al\u0131\u015f\u0131yoruz.<\/p>\t\t\t\t\t\t\t\t<\/div>\n\t\t\t\t<\/div>\n\t\t\t\t\t<\/div>\n\t\t<\/div>\n\t\t\t\t<div class=\"elementor-column elementor-col-33 elementor-top-column elementor-element elementor-element-6899b131 elementor-invisible\" data-id=\"6899b131\" data-element_type=\"column\" data-settings=\"{&quot;background_background&quot;:&quot;classic&quot;,&quot;animation&quot;:&quot;fadeInUp&quot;}\">\n\t\t\t<div class=\"elementor-widget-wrap elementor-element-populated\">\n\t\t\t\t\t\t<div class=\"elementor-element elementor-element-35566e59 elementor-widget elementor-widget-tbay-heading\" data-id=\"35566e59\" data-element_type=\"widget\" data-widget_type=\"tbay-heading.default\">\n\t\t\t\t<div class=\"elementor-widget-container\">\n\t\t\t\t\t\r\n<div class=\"tbay-element tbay-element-heading\">\r\n\t\t\t\t<h3 class=\"heading-tbay-title style-1\">\r\n                \r\n                 \r\n\r\n\t\t\t\t\t\t\t\t\t<span class=\"title\">\u015eirketin Vizyonu<\/span>\r\n\t\t\t\t\t    \t\r\n\r\n                \r\n                <i aria-hidden=\"true\" class=\"tb-icon tb-icon-wave\"><\/i>\r\n\t\t\t<\/h3>\r\n        <\/div>\t\t\t\t<\/div>\n\t\t\t\t<\/div>\n\t\t\t\t<div class=\"elementor-element elementor-element-2ea2773f elementor-widget elementor-widget-text-editor\" data-id=\"2ea2773f\" data-element_type=\"widget\" data-widget_type=\"text-editor.default\">\n\t\t\t\t<div class=\"elementor-widget-container\">\n\t\t\t\t\t\t\t\t\t<p>Vizyonumuz, her m\u00fc\u015fterinin hayat\u0131nda unutulmaz bir iz b\u0131rakarak lider koku ve t\u00fcts\u00fc markas\u0131 olmakt\u0131r. Ger\u00e7ek de\u011fer katan yeni kreasyonlar sunmay\u0131 ve ba\u015fkalar\u0131na g\u00fcnl\u00fck ya\u015famlar\u0131n\u0131n ayr\u0131lmaz bir par\u00e7as\u0131 olarak kokunun \u00f6nemini takdir etmeleri i\u00e7in ilham vermeyi ama\u00e7l\u0131yoruz. Gelece\u011fi, sanat ve yarat\u0131c\u0131l\u0131\u011f\u0131 l\u00fcksle birle\u015ftirmek ve parf\u00fcmeri d\u00fcnyas\u0131nda bir m\u00fckemmellik \u00f6l\u00e7\u00fct\u00fc haline gelmek i\u00e7in bir f\u0131rsat olarak g\u00f6r\u00fcyoruz.<\/p>\t\t\t\t\t\t\t\t<\/div>\n\t\t\t\t<\/div>\n\t\t\t\t\t<\/div>\n\t\t<\/div>\n\t\t\t\t<div class=\"elementor-column elementor-col-33 elementor-top-column elementor-element elementor-element-5a1136cb elementor-invisible\" data-id=\"5a1136cb\" data-element_type=\"column\" data-settings=\"{&quot;background_background&quot;:&quot;classic&quot;,&quot;animation&quot;:&quot;fadeInUp&quot;}\">\n\t\t\t<div class=\"elementor-widget-wrap elementor-element-populated\">\n\t\t\t\t\t\t<div class=\"elementor-element elementor-element-6a93028a elementor-widget elementor-widget-tbay-heading\" data-id=\"6a93028a\" data-element_type=\"widget\" data-widget_type=\"tbay-heading.default\">\n\t\t\t\t<div class=\"elementor-widget-container\">\n\t\t\t\t\t\r\n<div class=\"tbay-element tbay-element-heading\">\r\n\t\t\t\t<h3 class=\"heading-tbay-title style-1\">\r\n                \r\n                 \r\n\r\n\t\t\t\t\t\t\t\t\t<span class=\"title\">\u015eirket De\u011ferleri<\/span>\r\n\t\t\t\t\t    \t\r\n\r\n                \r\n                <i aria-hidden=\"true\" class=\"tb-icon tb-icon-wave\"><\/i>\r\n\t\t\t<\/h3>\r\n        <\/div>\t\t\t\t<\/div>\n\t\t\t\t<\/div>\n\t\t\t\t<div class=\"elementor-element elementor-element-6f2512b4 elementor-widget elementor-widget-text-editor\" data-id=\"6f2512b4\" data-element_type=\"widget\" data-widget_type=\"text-editor.default\">\n\t\t\t\t<div class=\"elementor-widget-container\">\n\t\t\t\t\t\t\t\t\t<p>Yapt\u0131\u011f\u0131m\u0131z her \u015feyin merkezinde \u00f6zg\u00fcnl\u00fck ve m\u00fckemmelli\u011fin yer ald\u0131\u011f\u0131na inan\u0131yoruz. M\u00fc\u015fterilerimize g\u00fcvenlerine lay\u0131k \u00fcr\u00fcnler sunmak i\u00e7in en iyi malzemeleri \u00f6zenle se\u00e7erek kaliteye \u00f6ncelik veriyoruz. M\u00fc\u015fterilerimiz ve ortaklar\u0131m\u0131zla sayg\u0131l\u0131 ve g\u00fcvene dayal\u0131 ili\u015fkiler kuruyoruz. Her detay\u0131nda tutku ve yarat\u0131c\u0131l\u0131\u011f\u0131 yans\u0131tan farkl\u0131 kokular yaratmaya \u00e7al\u0131\u015ft\u0131\u011f\u0131m\u0131z i\u00e7in yenilik de de\u011ferlerimizin bir par\u00e7as\u0131d\u0131r.<\/p>\t\t\t\t\t\t\t\t<\/div>\n\t\t\t\t<\/div>\n\t\t\t\t\t<\/div>\n\t\t<\/div>\n\t\t\t\t\t<\/div>\n\t\t<\/section>\n\t\t\t\t<\/div>","protected":false},"excerpt":{"rendered":"<p>\u0632\u0627\u0647\u064a\u0629 \u0644\u0644\u0639\u0637\u0648\u0631 \u0641\u064a \u0632\u0627\u0647\u064a\u0629 \u0644\u0644\u0639\u0637\u0648\u0631\u060c \u0646\u062d\u0646 \u0644\u0627 \u0646\u0628\u064a\u0639 \u0627\u0644\u0639\u0637\u0648\u0631 \u0641\u0642\u0637\u060c \u0628\u0644 \u0646\u0642\u062f\u0645 \u062a\u062c\u0627\u0631\u0628 \u0645\u0645\u064a\u0632\u0629 \u062a\u062a\u0631\u0643 \u0628\u0635\u0645\u0629 \u0644\u0627 \u062a\u064f\u0646\u0633\u0649 \u0641\u064a \u062d\u064a\u0627\u062a\u0643. \u0646\u062d\u0646 \u0646\u0624\u0645\u0646 \u0623\u0646 \u0627\u0644\u0639\u0637\u0631 \u0623\u0643\u062b\u0631 \u0645\u0646 \u0645\u062c\u0631\u062f \u0631\u0627\u0626\u062d\u0629\u061b \u0625\u0646\u0647 \u062a\u0648\u0642\u064a\u0639 \u0634\u062e\u0635\u064a \u064a\u0639\u0643\u0633 \u0634\u062e\u0635\u064a\u062a\u0643\u060c \u0630\u0643\u0631\u064a\u0627\u062a\u0643\u060c \u0648\u0623\u062d\u0644\u0627\u0645\u0643. \u062a\u062d\u0631\u0631 \u0645\u0646 \u0627\u0644\u062a\u0642\u0627\u0644\u064a\u062f \u0627\u0644\u0645\u0623\u0644\u0648\u0641\u0629\u060c \u0641\u0646\u062d\u0646 \u0642\u0637\u0639\u062a\u0643 \u0627\u0644\u0645\u0641\u0642\u0648\u062f\u0629 \u0646\u0647\u062f\u0641 \u0625\u0644\u0649 \u0643\u0633\u0631 \u0627\u0644\u0642\u0648\u0627\u0644\u0628 \u0627\u0644\u062a\u0642\u0644\u064a\u062f\u064a\u0629 \u0641\u064a \u0639\u0627\u0644\u0645 \u0627\u0644\u0639\u0637\u0648\u0631 \u0648\u0627\u0644\u0628\u062e\u0648\u0631 \u0645\u0646 \u062e\u0644\u0627\u0644 \u062a\u0642\u062f\u064a\u0645 \u0645\u0646\u062a\u062c\u0627\u062a &hellip; <a href=\"https:\/\/zahia.store\/tr\/about-us\/\" class=\"more-link\">Continue reading <span class=\"screen-reader-text\">\u015eirket hakk\u0131nda<\/span><\/a><\/p>","protected":false},"author":1,"featured_media":0,"parent":0,"menu_order":0,"comment_status":"closed","ping_status":"closed","template":"","meta":{"om_disable_all_campaigns":false,"_monsterinsights_skip_tracking":false,"_monsterinsights_sitenote_active":false,"_monsterinsights_sitenote_note":"","_monsterinsights_sitenote_category":0,"footnotes":""},"class_list":["post-27","page","type-page","status-publish","hentry"],"aioseo_notices":[],"jetpack_sharing_enabled":true,"_links":{"self":[{"href":"https:\/\/zahia.store\/tr\/wp-json\/wp\/v2\/pages\/27","targetHints":{"allow":["GET"]}}],"collection":[{"href":"https:\/\/zahia.store\/tr\/wp-json\/wp\/v2\/pages"}],"about":[{"href":"https:\/\/zahia.store\/tr\/wp-json\/wp\/v2\/types\/page"}],"author":[{"embeddable":true,"href":"https:\/\/zahia.store\/tr\/wp-json\/wp\/v2\/users\/1"}],"replies":[{"embeddable":true,"href":"https:\/\/zahia.store\/tr\/wp-json\/wp\/v2\/comments?post=27"}],"version-history":[{"count":1,"href":"https:\/\/zahia.store\/tr\/wp-json\/wp\/v2\/pages\/27\/revisions"}],"predecessor-version":[{"id":5692,"href":"https:\/\/zahia.store\/tr\/wp-json\/wp\/v2\/pages\/27\/revisions\/5692"}],"wp:attachment":[{"href":"https:\/\/zahia.store\/tr\/wp-json\/wp\/v2\/media?parent=27"}],"curies":[{"name":"wp","href":"https:\/\/api.w.org\/{rel}","templated":true}]}}