{"id":9,"date":"2025-01-04T15:23:38","date_gmt":"2025-01-04T15:23:38","guid":{"rendered":"http:\/\/zahia.store\/cart\/"},"modified":"2025-01-17T16:24:30","modified_gmt":"2025-01-17T14:24:30","slug":"cart","status":"publish","type":"page","link":"https:\/\/zahia.store\/tr\/cart\/","title":{"rendered":"Al\u0131\u015fveri\u015f Sepeti"},"content":{"rendered":"<div data-block-name=\"woocommerce\/cart\" class=\"wp-block-woocommerce-cart alignwide is-loading\">\r\n<div data-block-name=\"woocommerce\/filled-cart-block\" class=\"wp-block-woocommerce-filled-cart-block\">\r\n<div data-block-name=\"woocommerce\/cart-items-block\" class=\"wp-block-woocommerce-cart-items-block\">\r\n<div data-block-name=\"woocommerce\/cart-line-items-block\" class=\"wp-block-woocommerce-cart-line-items-block\">\u00a0<\/div>\r\n\r\n\r\n\r\n<div data-block-name=\"woocommerce\/cart-cross-sells-block\" class=\"wp-block-woocommerce-cart-cross-sells-block\">\r\n<h2 class=\"wp-block-heading has-large-font-size\">You may be interested in\u2026<\/h2>\r\n\r\n\r\n\r\n<div data-block-name=\"woocommerce\/cart-cross-sells-products-block\" class=\"wp-block-woocommerce-cart-cross-sells-products-block\">\u00a0<\/div>\r\n<\/div>\r\n<\/div>\r\n\r\n\r\n\r\n<div data-block-name=\"woocommerce\/cart-totals-block\" class=\"wp-block-woocommerce-cart-totals-block\">\r\n<div data-block-name=\"woocommerce\/cart-order-summary-block\" class=\"wp-block-woocommerce-cart-order-summary-block\">\r\n<div data-block-name=\"woocommerce\/cart-order-summary-heading-block\" class=\"wp-block-woocommerce-cart-order-summary-heading-block\">\u00a0<\/div>\r\n\r\n\r\n\r\n<div data-block-name=\"woocommerce\/cart-order-summary-coupon-form-block\" class=\"wp-block-woocommerce-cart-order-summary-coupon-form-block\">\u00a0<\/div>\r\n\r\n\r\n\r\n\r\n\r\n\r\n\r\n\r\n\r\n\r\n\r\n\r\n\r\n\r\n\r\n\r\n\r\n\r\n\r\n<div data-block-name=\"woocommerce\/cart-order-summary-totals-block\" class=\"wp-block-woocommerce-cart-order-summary-totals-block\">\n<div data-block-name=\"woocommerce\/cart-order-summary-subtotal-block\" class=\"wp-block-woocommerce-cart-order-summary-subtotal-block\">\u00a0<\/div>\n<div data-block-name=\"woocommerce\/cart-order-summary-discount-block\" class=\"wp-block-woocommerce-cart-order-summary-discount-block\">\u00a0<\/div>\n<div data-block-name=\"woocommerce\/cart-order-summary-fee-block\" class=\"wp-block-woocommerce-cart-order-summary-fee-block\">\u00a0<\/div>\n<div data-block-name=\"woocommerce\/cart-order-summary-shipping-block\" class=\"wp-block-woocommerce-cart-order-summary-shipping-block\">\u00a0<\/div>\n<div data-block-name=\"woocommerce\/cart-order-summary-taxes-block\" class=\"wp-block-woocommerce-cart-order-summary-taxes-block\">\u00a0<\/div><\/div>\r\n<\/div>\r\n\r\n\r\n\r\n<div data-block-name=\"woocommerce\/cart-express-payment-block\" class=\"wp-block-woocommerce-cart-express-payment-block\">\u00a0<\/div>\r\n\r\n\r\n\r\n<div data-block-name=\"woocommerce\/proceed-to-checkout-block\" class=\"wp-block-woocommerce-proceed-to-checkout-block\">\u00a0<\/div>\r\n\r\n\r\n\r\n<div data-block-name=\"woocommerce\/cart-accepted-payment-methods-block\" class=\"wp-block-woocommerce-cart-accepted-payment-methods-block\">\u00a0<\/div>\r\n<\/div>\r\n<\/div>\r\n\r\n\r\n\r\n<div data-block-name=\"woocommerce\/empty-cart-block\" class=\"wp-block-woocommerce-empty-cart-block\">\r\n<h2 class=\"wp-block-heading has-text-align-center with-empty-cart-icon wc-block-cart__empty-cart__title\">Your cart is currently empty!<\/h2>\r\n\r\n\r\n<hr class=\"wp-block-separator has-alpha-channel-opacity is-style-dots\" \/>\r\n\r\n\r\n<h2 class=\"wp-block-heading has-text-align-center\">New in store<\/h2>\r\n\r\n\r\n<div data-block-name=\"woocommerce\/product-new\" data-columns=\"4\" data-rows=\"1\" class=\"wc-block-grid wp-block-product-new wp-block-woocommerce-product-new wc-block-product-new has-4-columns\"><ul class=\"wc-block-grid__products\"><li class=\"wc-block-grid__product\">\n\t\t\t\t<a href=\"https:\/\/zahia.store\/tr\/urun\/%d8%a8%d8%a7%d9%83%d9%8a%d8%aa-%d8%b2%d8%a7%d9%87%d9%8a%d8%a9-%d8%a7%d9%84%d9%81%d8%a7%d8%ae%d8%b1-%d9%85%d8%b2%d8%a7%d8%ac-_-%d9%86%d8%a8%d8%b6-_-%d8%a7%d9%84%d8%a3%d8%b3%d8%b7%d9%88%d8%b1%d8%a9-_\/\" class=\"wc-block-grid__product-link\">\n\t\t\t\t\t\n\t\t\t\t\t<div class=\"wc-block-grid__product-image\"><img  title=\"\" fetchpriority=\"high\" decoding=\"async\" width=\"406\" height=\"406\" src=\"https:\/\/zahia.store\/wp-content\/uploads\/2026\/04\/\u0645\u0632\u0627\u062c_\u0646\u0628\u0636_\u0627\u0644\u0623\u0633\u0637\u0648\u0631\u0629_\u0633\u0645\u0631\u0629_\u0627\u0644\u0639\u0648\u062f_\u0634\u0630\u0649_\u0663_\u0645\u0644\u064a-406x406.jpg\" class=\"attachment-woocommerce_thumbnail size-woocommerce_thumbnail\"  alt=\"\u0645\u0632\u0627\u062c_\u0646\u0628\u0636_\u0627\u0644\u0623\u0633\u0637\u0648\u0631\u0629_\u0633\u0645\u0631\u0629_\u0627\u0644\u0639\u0648\u062f_\u0634\u0630\u0649_\u0663_\u0645\u0644\u064a-406x406 \u0627\u0644\u0633\u0644\u0629\"  \/><\/div>\n\t\t\t\t\t<div class=\"wc-block-grid__product-title\">\u0628\u0627\u0643\u062a \u0643\u0627\u0645\u0644 \u0632\u0627\u0647\u064a\u0629 \u0627\u0644\u0641\u0627\u062e\u0631 ( \u0645\u0632\u0627\u062c _ \u0646\u0628\u0636 _ \u0627\u0644\u0623\u0633\u0637\u0648\u0631\u0629 _ \u0633\u0645\u0631\u0629 _ \u0634\u0630\u0649 _ \u0627\u0644\u0639\u0648\u062f ) \u2013 \u062b\u0628\u0627\u062a \u0637\u0648\u064a\u0644  (3 \u0645\u0644)<\/div>\n\t\t\t\t<\/a>\n\t\t\t\t<div class=\"wc-block-grid__product-price price\"><span class=\"woocommerce-Price-amount amount\"><span class=\"woocommerce-Price-currencySymbol\">&#036;<\/span>6.00<\/span><\/div>\n\t\t\t\t\n\t\t\t\t<div class=\"wp-block-button wc-block-grid__product-add-to-cart\"><a href=\"\/tr\/wp-json\/wp\/v2\/pages\/9?add-to-cart=6350\" aria-label=\"Sepete ekle: \u201c\u0628\u0627\u0643\u062a \u0643\u0627\u0645\u0644 \u0632\u0627\u0647\u064a\u0629 \u0627\u0644\u0641\u0627\u062e\u0631 ( \u0645\u0632\u0627\u062c _ \u0646\u0628\u0636 _ \u0627\u0644\u0623\u0633\u0637\u0648\u0631\u0629 _ \u0633\u0645\u0631\u0629 _ \u0634\u0630\u0649 _ \u0627\u0644\u0639\u0648\u062f ) \u2013 \u062b\u0628\u0627\u062a \u0637\u0648\u064a\u0644  (3 \u0645\u0644)\u201d\" data-quantity=\"1\" data-product_id=\"6350\" data-product_sku=\"\" data-price=\"6\" rel=\"nofollow\" class=\"wp-block-button__link  add_to_cart_button ajax_add_to_cart\" data-no-translation=\"\" data-trp-gettext=\"\" data-no-translation-aria-label=\"\">Sepete Ekle<\/a><\/div>\n\t\t\t<\/li><li class=\"wc-block-grid__product\">\n\t\t\t\t<a href=\"https:\/\/zahia.store\/tr\/urun\/%d8%a8%d8%a7%d9%83%d9%8a%d8%aa-%d8%b2%d8%a7%d9%87%d9%8a%d8%a9-%d8%a7%d9%84%d9%81%d8%a7%d8%ae%d8%b1-%d8%b4%d8%ba%d9%81-_-%d8%ba%d8%b1%d8%a7%d9%85-_-%d8%b4%d8%b0%d9%89-_-%d8%b1%d8%ba%d8%a8%d8%a9-_\/\" class=\"wc-block-grid__product-link\">\n\t\t\t\t\t\n\t\t\t\t\t<div class=\"wc-block-grid__product-image\"><img  title=\"\" decoding=\"async\" width=\"406\" height=\"406\" src=\"https:\/\/zahia.store\/wp-content\/uploads\/2026\/04\/\u0634\u063a\u0641-\u063a\u0631\u0627\u0645-\u0634\u0630\u0649-\u0631\u063a\u0628\u0629-\u0633\u0628\u0623-\u0627\u0644\u0639\u0648\u062f-\u0663-\u0645\u0644\u064a-406x406.jpg\" class=\"attachment-woocommerce_thumbnail size-woocommerce_thumbnail\"  alt=\"\u0634\u063a\u0641-\u063a\u0631\u0627\u0645-\u0634\u0630\u0649-\u0631\u063a\u0628\u0629-\u0633\u0628\u0623-\u0627\u0644\u0639\u0648\u062f-\u0663-\u0645\u0644\u064a-406x406 \u0627\u0644\u0633\u0644\u0629\"  \/><\/div>\n\t\t\t\t\t<div class=\"wc-block-grid__product-title\">\u0628\u0627\u0643\u062a \u0643\u0627\u0645\u0644 \u0632\u0627\u0647\u064a\u0629 \u0627\u0644\u0641\u0627\u062e\u0631 ( \u0634\u063a\u0641 _ \u063a\u0631\u0627\u0645 _ \u0634\u0630\u0649 _ \u0631\u063a\u0628\u0629 _ \u0633\u0628\u0623 _ \u0627\u0644\u0639\u0648\u062f ) \u2013 \u062b\u0628\u0627\u062a \u0637\u0648\u064a\u0644  (3 \u0645\u0644)<\/div>\n\t\t\t\t<\/a>\n\t\t\t\t<div class=\"wc-block-grid__product-price price\"><span class=\"woocommerce-Price-amount amount\"><span class=\"woocommerce-Price-currencySymbol\">&#036;<\/span>6.00<\/span><\/div>\n\t\t\t\t\n\t\t\t\t<div class=\"wp-block-button wc-block-grid__product-add-to-cart\"><a href=\"\/tr\/wp-json\/wp\/v2\/pages\/9?add-to-cart=6347\" aria-label=\"Sepete ekle: \u201c\u0628\u0627\u0643\u062a \u0643\u0627\u0645\u0644 \u0632\u0627\u0647\u064a\u0629 \u0627\u0644\u0641\u0627\u062e\u0631 ( \u0634\u063a\u0641 _ \u063a\u0631\u0627\u0645 _ \u0634\u0630\u0649 _ \u0631\u063a\u0628\u0629 _ \u0633\u0628\u0623 _ \u0627\u0644\u0639\u0648\u062f ) \u2013 \u062b\u0628\u0627\u062a \u0637\u0648\u064a\u0644  (3 \u0645\u0644)\u201d\" data-quantity=\"1\" data-product_id=\"6347\" data-product_sku=\"\" data-price=\"6\" rel=\"nofollow\" class=\"wp-block-button__link  add_to_cart_button ajax_add_to_cart\" data-no-translation=\"\" data-trp-gettext=\"\" data-no-translation-aria-label=\"\">Sepete Ekle<\/a><\/div>\n\t\t\t<\/li><li class=\"wc-block-grid__product\">\n\t\t\t\t<a href=\"https:\/\/zahia.store\/tr\/urun\/%d8%a8%d8%a7%d9%83%d9%8a%d8%aa-%d8%b2%d8%a7%d9%87%d9%8a%d8%a9-%d8%a7%d9%84%d9%81%d8%a7%d8%ae%d8%b1-%d8%b3%d9%87%d9%85_%d8%b4%d8%a7%d9%85%d8%ae_%d8%a7%d9%84%d8%b3%d9%84%d8%b7%d8%a7%d9%86_%d8%ac%d8%b0\/\" class=\"wc-block-grid__product-link\">\n\t\t\t\t\t\n\t\t\t\t\t<div class=\"wc-block-grid__product-image\"><img  title=\"\" decoding=\"async\" width=\"406\" height=\"406\" src=\"https:\/\/zahia.store\/wp-content\/uploads\/2026\/04\/\u0633\u0647\u0645_\u0634\u0627\u0645\u062e_\u0627\u0644\u0633\u0644\u0637\u0627\u0646_\u062c\u0630\u0627\u0628_\u0627\u0644\u0639\u0648\u062f_\u0645\u0632\u0627\u062c_\u0663_\u0645\u0644\u064a-406x406.jpg\" class=\"attachment-woocommerce_thumbnail size-woocommerce_thumbnail\"  alt=\"\u0633\u0647\u0645_\u0634\u0627\u0645\u062e_\u0627\u0644\u0633\u0644\u0637\u0627\u0646_\u062c\u0630\u0627\u0628_\u0627\u0644\u0639\u0648\u062f_\u0645\u0632\u0627\u062c_\u0663_\u0645\u0644\u064a-406x406 \u0627\u0644\u0633\u0644\u0629\"  \/><\/div>\n\t\t\t\t\t<div class=\"wc-block-grid__product-title\">\u0628\u0627\u0643\u062a \u0643\u0627\u0645\u0644 \u0632\u0627\u0647\u064a\u0629 \u0627\u0644\u0641\u0627\u062e\u0631 ( \u0633\u0647\u0645 _ \u0634\u0627\u0645\u062e _ \u0627\u0644\u0633\u0644\u0637\u0627\u0646 _ \u062c\u0630\u0627\u0628 _ \u0627\u0644\u0639\u0648\u062f _ \u0645\u0632\u0627\u062c ) \u2013 \u062b\u0628\u0627\u062a \u0637\u0648\u064a\u0644  (3 \u0645\u0644)<\/div>\n\t\t\t\t<\/a>\n\t\t\t\t<div class=\"wc-block-grid__product-price price\"><span class=\"woocommerce-Price-amount amount\"><span class=\"woocommerce-Price-currencySymbol\">&#036;<\/span>6.00<\/span><\/div>\n\t\t\t\t\n\t\t\t\t<div class=\"wp-block-button wc-block-grid__product-add-to-cart\"><a href=\"\/tr\/wp-json\/wp\/v2\/pages\/9?add-to-cart=6342\" aria-label=\"Sepete ekle: \u201c\u0628\u0627\u0643\u062a \u0643\u0627\u0645\u0644 \u0632\u0627\u0647\u064a\u0629 \u0627\u0644\u0641\u0627\u062e\u0631 ( \u0633\u0647\u0645 _ \u0634\u0627\u0645\u062e _ \u0627\u0644\u0633\u0644\u0637\u0627\u0646 _ \u062c\u0630\u0627\u0628 _ \u0627\u0644\u0639\u0648\u062f _ \u0645\u0632\u0627\u062c ) \u2013 \u062b\u0628\u0627\u062a \u0637\u0648\u064a\u0644  (3 \u0645\u0644)\u201d\" data-quantity=\"1\" data-product_id=\"6342\" data-product_sku=\"\" data-price=\"6\" rel=\"nofollow\" class=\"wp-block-button__link  add_to_cart_button ajax_add_to_cart\" data-no-translation=\"\" data-trp-gettext=\"\" data-no-translation-aria-label=\"\">Sepete Ekle<\/a><\/div>\n\t\t\t<\/li><li class=\"wc-block-grid__product\">\n\t\t\t\t<a href=\"https:\/\/zahia.store\/tr\/urun\/%d8%a8%d8%ae%d9%88%d8%b1-%d8%b2%d8%a7%d9%87%d9%8a%d8%a9-50-%d8%ac%d8%b1%d8%a7%d9%85\/\" class=\"wc-block-grid__product-link\">\n\t\t\t\t\t<div class=\"wc-block-grid__product-onsale\">\n\t\t\t<span aria-hidden=\"true\" data-no-translation=\"\" data-trp-gettext=\"\">\u0130ndirim<\/span>\n\t\t\t<span class=\"screen-reader-text\" data-no-translation=\"\" data-trp-gettext=\"\">\u0130ndirimdeki \u00fcr\u00fcn<\/span>\n\t\t<\/div>\n\t\t\t\t\t<div class=\"wc-block-grid__product-image\"><img  title=\"\" loading=\"lazy\" decoding=\"async\" width=\"406\" height=\"406\" src=\"https:\/\/zahia.store\/wp-content\/uploads\/2026\/02\/ddddd-406x406.png\" class=\"attachment-woocommerce_thumbnail size-woocommerce_thumbnail\"  alt=\"ddddd-406x406 \u0627\u0644\u0633\u0644\u0629\"  \/><\/div>\n\t\t\t\t\t<div class=\"wc-block-grid__product-title\">\u0628\u062e\u0648\u0631 \u0641\u0627\u062e\u0631 50 \u062c\u0631\u0627\u0645<\/div>\n\t\t\t\t<\/a>\n\t\t\t\t<div class=\"wc-block-grid__product-price price\"><del aria-hidden=\"true\"><span class=\"woocommerce-Price-amount amount\"><span class=\"woocommerce-Price-currencySymbol\">&#036;<\/span>13.00<\/span><\/del> <span class=\"screen-reader-text\" data-no-translation=\"\" data-trp-gettext=\"\">Orijinal fiyat: &#036;13.00.<\/span><ins aria-hidden=\"true\"><span class=\"woocommerce-Price-amount amount\"><span class=\"woocommerce-Price-currencySymbol\">&#036;<\/span>10.40<\/span><\/ins><span class=\"screen-reader-text\" data-no-translation=\"\" data-trp-gettext=\"\">\u015eu andaki fiyat: &#036;10.40.<\/span><\/div>\n\t\t\t\t\n\t\t\t\t<div class=\"wp-block-button wc-block-grid__product-add-to-cart\"><a href=\"\/tr\/wp-json\/wp\/v2\/pages\/9?add-to-cart=6143\" aria-label=\"Sepete ekle: \u201c\u0628\u062e\u0648\u0631 \u0641\u0627\u062e\u0631 50 \u062c\u0631\u0627\u0645\u201d\" data-quantity=\"1\" data-product_id=\"6143\" data-product_sku=\"\" data-price=\"10.4\" rel=\"nofollow\" class=\"wp-block-button__link  add_to_cart_button ajax_add_to_cart\" data-no-translation=\"\" data-trp-gettext=\"\" data-no-translation-aria-label=\"\">Sepete Ekle<\/a><\/div>\n\t\t\t<\/li><\/ul><\/div><\/div>\r\n<\/div>","protected":false},"excerpt":{"rendered":"","protected":false},"author":1,"featured_media":0,"parent":0,"menu_order":0,"comment_status":"closed","ping_status":"closed","template":"","meta":{"om_disable_all_campaigns":false,"_monsterinsights_skip_tracking":false,"_monsterinsights_sitenote_active":false,"_monsterinsights_sitenote_note":"","_monsterinsights_sitenote_category":0,"footnotes":""},"class_list":["post-9","page","type-page","status-publish","hentry"],"aioseo_notices":[],"jetpack_sharing_enabled":true,"_links":{"self":[{"href":"https:\/\/zahia.store\/tr\/wp-json\/wp\/v2\/pages\/9","targetHints":{"allow":["GET"]}}],"collection":[{"href":"https:\/\/zahia.store\/tr\/wp-json\/wp\/v2\/pages"}],"about":[{"href":"https:\/\/zahia.store\/tr\/wp-json\/wp\/v2\/types\/page"}],"author":[{"embeddable":true,"href":"https:\/\/zahia.store\/tr\/wp-json\/wp\/v2\/users\/1"}],"replies":[{"embeddable":true,"href":"https:\/\/zahia.store\/tr\/wp-json\/wp\/v2\/comments?post=9"}],"version-history":[{"count":0,"href":"https:\/\/zahia.store\/tr\/wp-json\/wp\/v2\/pages\/9\/revisions"}],"wp:attachment":[{"href":"https:\/\/zahia.store\/tr\/wp-json\/wp\/v2\/media?parent=9"}],"curies":[{"name":"wp","href":"https:\/\/api.w.org\/{rel}","templated":true}]}}