{"id":4794,"date":"2025-01-20T17:00:18","date_gmt":"2025-01-20T15:00:18","guid":{"rendered":"https:\/\/zahia.store\/?post_type=product&#038;p=4794"},"modified":"2026-04-03T09:39:32","modified_gmt":"2026-04-03T07:39:32","slug":"%d8%a8%d8%ae%d9%88%d8%b1-%d9%83%d9%8e%d9%8a%d9%81","status":"publish","type":"product","link":"https:\/\/zahia.store\/tr\/urun\/%d8%a8%d8%ae%d9%88%d8%b1-%d9%83%d9%8e%d9%8a%d9%81\/","title":{"rendered":"\u0628\u062e\u0648\u0631 \u0643\u064e\u064a\u0641 \u0627\u0644\u0634\u0631\u0642\u064a \u0627\u0644\u0641\u0627\u062e\u0631 \u0627\u0644\u062b\u0627\u0628\u062a"},"content":{"rendered":"<p><strong>\u0639\u0644\u0628\u0629 \u0628\u062e\u0648\u0631 \u0643\u064a\u0641 \u0641\u0627\u062e\u0631\u0629 \u0628\u0623\u0644\u0648\u0627\u0646 \u0645\u062e\u062a\u0644\u0641\u0629 \u0648\u062c\u0630\u0627\u0628\u0629<\/strong><br \/>\nZahia parf\u00fcm firmas\u0131n\u0131n bu \u00fcr\u00fcn\u00fc, mekana harika bir aroma ve l\u00fcks bir dokunu\u015f vermek i\u00e7in \u00f6zenle tasarlanm\u0131\u015f l\u00fcks bir t\u00fcts\u00fc gibi g\u00f6r\u00fcn\u00fcyor. Otantik Arap karakterini yans\u0131tan zarif ambalaj\u0131, \u201cZahia\u201d logolu ah\u015fap kasas\u0131, g\u00fczelce dekore edilmi\u015f t\u00fcts\u00fc s\u00fcrahisi ve parlak alt\u0131n kapa\u011f\u0131 ile karakterizedir.<\/p>\n<h3>T\u00fcts\u00fc a\u00e7\u0131klamas\u0131:<\/h3>\n<ul>\n<li><strong>T\u00fcts\u00fc kokusu<\/strong>: Evlerde, meclislerde ve \u00f6zel g\u00fcnlerde kullan\u0131m i\u00e7in ideal, \u00f6zg\u00fcnl\u00fc\u011f\u00fc ve modernli\u011fi birle\u015ftiren e\u015fsiz bir koku verir.<\/li>\n<li><strong>Paketleme<\/strong>: L\u00fcks ah\u015fap kasa zarif bir dokunu\u015f verir ve hediye olarak m\u00fckemmelle\u015ftirir.<\/li>\n<li><strong>Kullan\u0131m:<\/strong>: Mekanlar\u0131 aromatize etmek ve sakin ve rahat bir atmosferi geli\u015ftirmek i\u00e7in kullan\u0131labilir.<\/li>\n<li><strong>Kalite<\/strong>: Kokunun uzun s\u00fcre yay\u0131lmas\u0131n\u0131 sa\u011flayan y\u00fcksek kaliteli malzemelerden \u00fcretilmi\u015ftir.<\/li>\n<\/ul>\n<p>Bu t\u00fcts\u00fc, l\u00fcks ve \u00f6zg\u00fcnl\u00fc\u011f\u00fc birle\u015ftiren oryantal parf\u00fcm sevenler i\u00e7in ideal bir se\u00e7imdir.<\/p>","protected":false},"excerpt":{"rendered":"<p><strong>\u0639\u0644\u0628\u0629 \u0628\u062e\u0648\u0631 \u0643\u064a\u0641 \u0641\u0627\u062e\u0631\u0629 \u0628\u0623\u0644\u0648\u0627\u0646 \u0645\u062e\u062a\u0644\u0641\u0629 \u0648\u062c\u0630\u0627\u0628\u0629<\/strong><br \/>\nZahia parf\u00fcm firmas\u0131n\u0131n bu \u00fcr\u00fcn\u00fc, mekana harika bir aroma ve l\u00fcks bir dokunu\u015f vermek i\u00e7in \u00f6zenle tasarlanm\u0131\u015f l\u00fcks bir t\u00fcts\u00fc gibi g\u00f6r\u00fcn\u00fcyor. Otantik Arap karakterini yans\u0131tan zarif ambalaj\u0131, \u201cZahia\u201d logolu ah\u015fap kasas\u0131, g\u00fczelce dekore edilmi\u015f t\u00fcts\u00fc s\u00fcrahisi ve parlak alt\u0131n kapa\u011f\u0131 ile karakterizedir.<\/p>","protected":false},"featured_media":6178,"comment_status":"open","ping_status":"closed","template":"","meta":{"om_disable_all_campaigns":false,"_monsterinsights_skip_tracking":false,"_monsterinsights_sitenote_active":false,"_monsterinsights_sitenote_note":"","_monsterinsights_sitenote_category":0},"product_brand":[],"product_cat":[97],"product_tag":[],"class_list":{"0":"post-4794","1":"product","2":"type-product","3":"status-publish","4":"has-post-thumbnail","6":"product_cat-97","9":"instock","10":"sale","11":"shipping-taxable","12":"purchasable","13":"product-type-simple"},"aioseo_notices":[],"jetpack_sharing_enabled":true,"_links":{"self":[{"href":"https:\/\/zahia.store\/tr\/wp-json\/wp\/v2\/product\/4794","targetHints":{"allow":["GET"]}}],"collection":[{"href":"https:\/\/zahia.store\/tr\/wp-json\/wp\/v2\/product"}],"about":[{"href":"https:\/\/zahia.store\/tr\/wp-json\/wp\/v2\/types\/product"}],"replies":[{"embeddable":true,"href":"https:\/\/zahia.store\/tr\/wp-json\/wp\/v2\/comments?post=4794"}],"version-history":[{"count":6,"href":"https:\/\/zahia.store\/tr\/wp-json\/wp\/v2\/product\/4794\/revisions"}],"predecessor-version":[{"id":6300,"href":"https:\/\/zahia.store\/tr\/wp-json\/wp\/v2\/product\/4794\/revisions\/6300"}],"wp:featuredmedia":[{"embeddable":true,"href":"https:\/\/zahia.store\/tr\/wp-json\/wp\/v2\/media\/6178"}],"wp:attachment":[{"href":"https:\/\/zahia.store\/tr\/wp-json\/wp\/v2\/media?parent=4794"}],"wp:term":[{"taxonomy":"product_brand","embeddable":true,"href":"https:\/\/zahia.store\/tr\/wp-json\/wp\/v2\/product_brand?post=4794"},{"taxonomy":"product_cat","embeddable":true,"href":"https:\/\/zahia.store\/tr\/wp-json\/wp\/v2\/product_cat?post=4794"},{"taxonomy":"product_tag","embeddable":true,"href":"https:\/\/zahia.store\/tr\/wp-json\/wp\/v2\/product_tag?post=4794"}],"curies":[{"name":"wp","href":"https:\/\/api.w.org\/{rel}","templated":true}]}}