{"id":5271,"date":"2025-04-16T16:34:03","date_gmt":"2025-04-16T14:34:03","guid":{"rendered":"https:\/\/zahia.store\/?post_type=product&#038;p=5271"},"modified":"2026-04-01T11:54:44","modified_gmt":"2026-04-01T09:54:44","slug":"%d8%a8%d8%ae%d8%a7%d8%ae-%d8%ba%d8%b1%d9%81-naseem-500-%d9%85%d9%84","status":"publish","type":"product","link":"https:\/\/zahia.store\/tr\/urun\/%d8%a8%d8%ae%d8%a7%d8%ae-%d8%ba%d8%b1%d9%81-naseem-500-%d9%85%d9%84\/","title":{"rendered":"\u0645\u0639\u0637\u0631 \u0632\u0627\u0647\u064a\u0629 Naseem \u0627\u0644\u0641\u0627\u062e\u0631 \u0627\u0644\u062b\u0627\u0628\u062a \u2013 500 \u0645\u0644"},"content":{"rendered":"","protected":false},"excerpt":{"rendered":"<p>Mek\u00e2n\u0131n\u0131za s\u0131cakl\u0131k ve zarafet hissi veren l\u00fcks bir do\u011fu odunsu parf\u00fcm.<br \/>\n\u0130\u00e7indekiler:<br \/>\n\u00dcst notalar: Bergamot, pembe biber \ud83c\udf36<br \/>\nOrta notalar: Oud, beyaz amber, biberiye \ud83c\udf3f<br \/>\nAlt notalar: Deri, misk \ud83d\udda4<\/p>","protected":false},"featured_media":5901,"comment_status":"open","ping_status":"closed","template":"","meta":{"om_disable_all_campaigns":false,"_monsterinsights_skip_tracking":false,"_monsterinsights_sitenote_active":false,"_monsterinsights_sitenote_note":"","_monsterinsights_sitenote_category":0},"product_brand":[],"product_cat":[124],"product_tag":[],"class_list":{"0":"post-5271","1":"product","2":"type-product","3":"status-publish","4":"has-post-thumbnail","6":"product_cat-124","9":"instock","10":"sale","11":"shipping-taxable","12":"purchasable","13":"product-type-simple"},"aioseo_notices":[],"jetpack_sharing_enabled":true,"_links":{"self":[{"href":"https:\/\/zahia.store\/tr\/wp-json\/wp\/v2\/product\/5271","targetHints":{"allow":["GET"]}}],"collection":[{"href":"https:\/\/zahia.store\/tr\/wp-json\/wp\/v2\/product"}],"about":[{"href":"https:\/\/zahia.store\/tr\/wp-json\/wp\/v2\/types\/product"}],"replies":[{"embeddable":true,"href":"https:\/\/zahia.store\/tr\/wp-json\/wp\/v2\/comments?post=5271"}],"version-history":[{"count":2,"href":"https:\/\/zahia.store\/tr\/wp-json\/wp\/v2\/product\/5271\/revisions"}],"predecessor-version":[{"id":6254,"href":"https:\/\/zahia.store\/tr\/wp-json\/wp\/v2\/product\/5271\/revisions\/6254"}],"wp:featuredmedia":[{"embeddable":true,"href":"https:\/\/zahia.store\/tr\/wp-json\/wp\/v2\/media\/5901"}],"wp:attachment":[{"href":"https:\/\/zahia.store\/tr\/wp-json\/wp\/v2\/media?parent=5271"}],"wp:term":[{"taxonomy":"product_brand","embeddable":true,"href":"https:\/\/zahia.store\/tr\/wp-json\/wp\/v2\/product_brand?post=5271"},{"taxonomy":"product_cat","embeddable":true,"href":"https:\/\/zahia.store\/tr\/wp-json\/wp\/v2\/product_cat?post=5271"},{"taxonomy":"product_tag","embeddable":true,"href":"https:\/\/zahia.store\/tr\/wp-json\/wp\/v2\/product_tag?post=5271"}],"curies":[{"name":"wp","href":"https:\/\/api.w.org\/{rel}","templated":true}]}}