{"id":5274,"date":"2025-04-16T16:36:06","date_gmt":"2025-04-16T14:36:06","guid":{"rendered":"https:\/\/zahia.store\/?post_type=product&#038;p=5274"},"modified":"2026-04-03T09:47:11","modified_gmt":"2026-04-03T07:47:11","slug":"%d9%85%d8%b9%d8%b7%d8%b1-%d8%a3%d8%b9%d9%88%d8%a7%d8%af-gol-110-%d9%85%d9%84","status":"publish","type":"product","link":"https:\/\/zahia.store\/tr\/urun\/%d9%85%d8%b9%d8%b7%d8%b1-%d8%a3%d8%b9%d9%88%d8%a7%d8%af-gol-110-%d9%85%d9%84\/","title":{"rendered":"\u0641\u0648\u0627\u062d\u0629 \u0632\u0627\u0647\u064a\u0629  \u062c\u0648\u0644 \u0627\u0644\u0641\u0627\u062e\u0631\u0629 \u0627\u0644\u062b\u0627\u0628\u062a\u0629 \u2013 \u0645\u0639\u0637\u0631 \u0645\u0646\u0632\u0644\u064a \u0628\u0631\u064a\u0645\u064a\u0648\u0645 \u2013 110 \u0645\u0644"},"content":{"rendered":"","protected":false},"excerpt":{"rendered":"<p>Hayalleri ve \u00f6zg\u00fcveni yans\u0131tan, cesur ve kad\u0131ns\u0131 bir parf\u00fcm; etraf\u0131ndakileri b\u00fcy\u00fcler.<br \/>\n<strong>\u0130\u00e7indekiler:<\/strong><br \/>\n\u00dcst notalar: Bergamot, \u00e7ilek, orkide, yasemin \ud83c\udf38<br \/>\nKalp notalar\u0131: Tutku meyvesi, ananas, \u015feftali \ud83c\udf4d<br \/>\nOrta nota: Vanilya dokunu\u015fu \ud83c\udf66<br \/>\nAlt notalar: Pa\u00e7uli, \u00e7ikolata, bal, vanilya, karamelli \ud83c\udf6f<\/p>","protected":false},"featured_media":5900,"comment_status":"open","ping_status":"closed","template":"","meta":{"om_disable_all_campaigns":false,"_monsterinsights_skip_tracking":false,"_monsterinsights_sitenote_active":false,"_monsterinsights_sitenote_note":"","_monsterinsights_sitenote_category":0},"product_brand":[],"product_cat":[123],"product_tag":[],"class_list":{"0":"post-5274","1":"product","2":"type-product","3":"status-publish","4":"has-post-thumbnail","6":"product_cat-123","9":"instock","10":"sale","11":"shipping-taxable","12":"purchasable","13":"product-type-simple"},"aioseo_notices":[],"jetpack_sharing_enabled":true,"_links":{"self":[{"href":"https:\/\/zahia.store\/tr\/wp-json\/wp\/v2\/product\/5274","targetHints":{"allow":["GET"]}}],"collection":[{"href":"https:\/\/zahia.store\/tr\/wp-json\/wp\/v2\/product"}],"about":[{"href":"https:\/\/zahia.store\/tr\/wp-json\/wp\/v2\/types\/product"}],"replies":[{"embeddable":true,"href":"https:\/\/zahia.store\/tr\/wp-json\/wp\/v2\/comments?post=5274"}],"version-history":[{"count":3,"href":"https:\/\/zahia.store\/tr\/wp-json\/wp\/v2\/product\/5274\/revisions"}],"predecessor-version":[{"id":6314,"href":"https:\/\/zahia.store\/tr\/wp-json\/wp\/v2\/product\/5274\/revisions\/6314"}],"wp:featuredmedia":[{"embeddable":true,"href":"https:\/\/zahia.store\/tr\/wp-json\/wp\/v2\/media\/5900"}],"wp:attachment":[{"href":"https:\/\/zahia.store\/tr\/wp-json\/wp\/v2\/media?parent=5274"}],"wp:term":[{"taxonomy":"product_brand","embeddable":true,"href":"https:\/\/zahia.store\/tr\/wp-json\/wp\/v2\/product_brand?post=5274"},{"taxonomy":"product_cat","embeddable":true,"href":"https:\/\/zahia.store\/tr\/wp-json\/wp\/v2\/product_cat?post=5274"},{"taxonomy":"product_tag","embeddable":true,"href":"https:\/\/zahia.store\/tr\/wp-json\/wp\/v2\/product_tag?post=5274"}],"curies":[{"name":"wp","href":"https:\/\/api.w.org\/{rel}","templated":true}]}}