{"id":5287,"date":"2025-04-21T11:00:19","date_gmt":"2025-04-21T09:00:19","guid":{"rendered":"https:\/\/zahia.store\/?post_type=product&#038;p=5287"},"modified":"2026-04-01T11:48:55","modified_gmt":"2026-04-01T09:48:55","slug":"%d9%85%d8%b9%d8%b7%d8%b1-%d8%a3%d8%b9%d9%88%d8%a7%d8%af-perfect-110-%d9%85%d9%84","status":"publish","type":"product","link":"https:\/\/zahia.store\/tr\/urun\/%d9%85%d8%b9%d8%b7%d8%b1-%d8%a3%d8%b9%d9%88%d8%a7%d8%af-perfect-110-%d9%85%d9%84\/","title":{"rendered":"\u0641\u0648\u0627\u062d\u0629 \u0632\u0627\u0647\u064a\u0629 \u0628\u064a\u0631\u0641\u0643\u062a \u0627\u0644\u0641\u0627\u062e\u0631\u0629 \u2013 110 \u0645\u0644"},"content":{"rendered":"","protected":false},"excerpt":{"rendered":"<p>Evinizin havas\u0131n\u0131 canl\u0131l\u0131k dolu do\u011fal meyve dokunu\u015flar\u0131yla tazeleyin.<\/p>\n<p><strong>\u0130\u00e7indekiler:<\/strong><br \/>\n\u00dcst nota: Mango ve papaya \ud83c\udf4b<br \/>\nOrta nota: Tropikal meyveler \ud83c\udf34<br \/>\nAlt nota: \u015eeftali \ud83c\udf51<\/p>","protected":false},"featured_media":5899,"comment_status":"open","ping_status":"closed","template":"","meta":{"om_disable_all_campaigns":false,"_monsterinsights_skip_tracking":false,"_monsterinsights_sitenote_active":false,"_monsterinsights_sitenote_note":"","_monsterinsights_sitenote_category":0},"product_brand":[],"product_cat":[123],"product_tag":[],"class_list":{"0":"post-5287","1":"product","2":"type-product","3":"status-publish","4":"has-post-thumbnail","6":"product_cat-123","9":"instock","10":"sale","11":"shipping-taxable","12":"purchasable","13":"product-type-simple"},"aioseo_notices":[],"jetpack_sharing_enabled":true,"_links":{"self":[{"href":"https:\/\/zahia.store\/tr\/wp-json\/wp\/v2\/product\/5287","targetHints":{"allow":["GET"]}}],"collection":[{"href":"https:\/\/zahia.store\/tr\/wp-json\/wp\/v2\/product"}],"about":[{"href":"https:\/\/zahia.store\/tr\/wp-json\/wp\/v2\/types\/product"}],"replies":[{"embeddable":true,"href":"https:\/\/zahia.store\/tr\/wp-json\/wp\/v2\/comments?post=5287"}],"version-history":[{"count":2,"href":"https:\/\/zahia.store\/tr\/wp-json\/wp\/v2\/product\/5287\/revisions"}],"predecessor-version":[{"id":6252,"href":"https:\/\/zahia.store\/tr\/wp-json\/wp\/v2\/product\/5287\/revisions\/6252"}],"wp:featuredmedia":[{"embeddable":true,"href":"https:\/\/zahia.store\/tr\/wp-json\/wp\/v2\/media\/5899"}],"wp:attachment":[{"href":"https:\/\/zahia.store\/tr\/wp-json\/wp\/v2\/media?parent=5287"}],"wp:term":[{"taxonomy":"product_brand","embeddable":true,"href":"https:\/\/zahia.store\/tr\/wp-json\/wp\/v2\/product_brand?post=5287"},{"taxonomy":"product_cat","embeddable":true,"href":"https:\/\/zahia.store\/tr\/wp-json\/wp\/v2\/product_cat?post=5287"},{"taxonomy":"product_tag","embeddable":true,"href":"https:\/\/zahia.store\/tr\/wp-json\/wp\/v2\/product_tag?post=5287"}],"curies":[{"name":"wp","href":"https:\/\/api.w.org\/{rel}","templated":true}]}}