{"id":5295,"date":"2025-04-21T11:12:35","date_gmt":"2025-04-21T09:12:35","guid":{"rendered":"https:\/\/zahia.store\/?post_type=product&#038;p=5295"},"modified":"2026-04-01T11:54:17","modified_gmt":"2026-04-01T09:54:17","slug":"%d8%a8%d8%ae%d8%a7%d8%ae-%d8%ba%d8%b1%d9%81-flowers-500-%d9%85%d9%84","status":"publish","type":"product","link":"https:\/\/zahia.store\/tr\/urun\/%d8%a8%d8%ae%d8%a7%d8%ae-%d8%ba%d8%b1%d9%81-flowers-500-%d9%85%d9%84\/","title":{"rendered":"\u0645\u0639\u0637\u0631 \u0632\u0627\u0647\u064a\u0629 Flowers \u0627\u0644\u0641\u0627\u062e\u0631 \u0627\u0644\u062b\u0627\u0628\u062a \u2013 500 \u0645\u0644"},"content":{"rendered":"","protected":false},"excerpt":{"rendered":"<p>Tropikal adalar\u0131n kokusunu ta\u015f\u0131yan \u00e7i\u00e7eksi bir parf\u00fcm; ortama ferahl\u0131k ve ne\u015fe katar.<br \/>\n<strong>\u0130\u00e7indekiler:<\/strong><br \/>\n\u00dcst nota: Baharatl\u0131 meyvemsi bir dokunu\u015f \ud83c\udf53<br \/>\nOrta nota: Portakal \u00e7i\u00e7e\u011fi, han\u0131meli \ud83c\udf4a<br \/>\nAlt nota: Yasemin, beyaz \u00e7i\u00e7ekler \ud83c\udf38<\/p>","protected":false},"featured_media":5898,"comment_status":"open","ping_status":"closed","template":"","meta":{"om_disable_all_campaigns":false,"_monsterinsights_skip_tracking":false,"_monsterinsights_sitenote_active":false,"_monsterinsights_sitenote_note":"","_monsterinsights_sitenote_category":0},"product_brand":[],"product_cat":[124],"product_tag":[],"class_list":{"0":"post-5295","1":"product","2":"type-product","3":"status-publish","4":"has-post-thumbnail","6":"product_cat-124","9":"instock","10":"sale","11":"shipping-taxable","12":"purchasable","13":"product-type-simple"},"aioseo_notices":[],"jetpack_sharing_enabled":true,"_links":{"self":[{"href":"https:\/\/zahia.store\/tr\/wp-json\/wp\/v2\/product\/5295","targetHints":{"allow":["GET"]}}],"collection":[{"href":"https:\/\/zahia.store\/tr\/wp-json\/wp\/v2\/product"}],"about":[{"href":"https:\/\/zahia.store\/tr\/wp-json\/wp\/v2\/types\/product"}],"replies":[{"embeddable":true,"href":"https:\/\/zahia.store\/tr\/wp-json\/wp\/v2\/comments?post=5295"}],"version-history":[{"count":2,"href":"https:\/\/zahia.store\/tr\/wp-json\/wp\/v2\/product\/5295\/revisions"}],"predecessor-version":[{"id":6253,"href":"https:\/\/zahia.store\/tr\/wp-json\/wp\/v2\/product\/5295\/revisions\/6253"}],"wp:featuredmedia":[{"embeddable":true,"href":"https:\/\/zahia.store\/tr\/wp-json\/wp\/v2\/media\/5898"}],"wp:attachment":[{"href":"https:\/\/zahia.store\/tr\/wp-json\/wp\/v2\/media?parent=5295"}],"wp:term":[{"taxonomy":"product_brand","embeddable":true,"href":"https:\/\/zahia.store\/tr\/wp-json\/wp\/v2\/product_brand?post=5295"},{"taxonomy":"product_cat","embeddable":true,"href":"https:\/\/zahia.store\/tr\/wp-json\/wp\/v2\/product_cat?post=5295"},{"taxonomy":"product_tag","embeddable":true,"href":"https:\/\/zahia.store\/tr\/wp-json\/wp\/v2\/product_tag?post=5295"}],"curies":[{"name":"wp","href":"https:\/\/api.w.org\/{rel}","templated":true}]}}