{"id":5712,"date":"2025-11-10T12:12:18","date_gmt":"2025-11-10T10:12:18","guid":{"rendered":"https:\/\/zahia.store\/?post_type=product&#038;p=5712"},"modified":"2026-04-04T13:04:47","modified_gmt":"2026-04-04T11:04:47","slug":"%d8%b2%d8%a7%d9%87%d9%8a%d8%a9-%d8%b9%d9%88%d8%af-%d8%a7%d9%84%d8%a3%d8%b5%d9%84%d9%8a-3-%d9%85%d9%84","status":"publish","type":"product","link":"https:\/\/zahia.store\/tr\/urun\/%d8%b2%d8%a7%d9%87%d9%8a%d8%a9-%d8%b9%d9%88%d8%af-%d8%a7%d9%84%d8%a3%d8%b5%d9%84%d9%8a-3-%d9%85%d9%84\/","title":{"rendered":"\u0639\u0648\u062f \u0632\u064a\u062a\u064a \u0641\u0627\u062e\u0631 \u0645\u0631\u0643\u0632 \u0632\u0627\u0647\u064a\u0629 3 \u0645\u0644"},"content":{"rendered":"<p>&nbsp;<\/p>\n<ul>\n<li><strong>Koku:<\/strong><br \/>\nL\u00fcks\u00fcn kokusunu yans\u0131tan, s\u0131cakl\u0131\u011f\u0131 ve derinli\u011fi birle\u015ftiren saf ve konsantre ud ya\u011f\u0131 ile karakterizedir. Aroma, zengin oryantal odunsu notalarla size e\u015fsiz, uzun \u00f6m\u00fcrl\u00fc bir deneyim sunar.<\/li>\n<li><strong>Dizayn:<\/strong><br \/>\nSadeli\u011fi ve inceli\u011fi b\u00fcnyesinde bar\u0131nd\u0131ran, onu harika bir hediye veya parf\u00fcm koleksiyonunuza m\u00fckemmel bir katk\u0131 yapan k\u00fc\u00e7\u00fck ve zarif bir paket.<\/li>\n<li><strong>Kullan\u0131m::<\/strong><br \/>\nG\u00fcn boyu s\u00fcren bir koku i\u00e7in bilek ve boyun gibi nab\u0131z noktalar\u0131na birka\u00e7 damla uygulanabilir.<\/li>\n<\/ul>","protected":false},"excerpt":{"rendered":"<p>\u0627\u0644\u0645\u0642\u062f\u0645\u0629: \u0627\u0644\u0639\u0648\u062f (\u062e\u0634\u0628 \u0627\u0644\u0639\u0648\u062f) \u0648\u0646\u0641\u062d\u0627\u062a \u0627\u0644\u062a\u0648\u0627\u0628\u0644 \u0627\u0644\u062f\u0627\u0641\u0626\u0629<\/p>\n<p>\u0642\u0644\u0628 \u0627\u0644\u0639\u0637\u0631: \u0623\u0631\u0632\u060c \u0632\u0639\u0641\u0631\u0627\u0646\u060c \u0633\u0643\u0631 \u0627\u0644\u0641\u0627\u0646\u064a\u0644\u064a\u0627<\/p>\n<p>\u0627\u0644\u0642\u0627\u0639\u062f\u0629: \u0644\u0627\u0628\u062f\u0627\u0646\u0648\u0645 \u0641\u0631\u0646\u0633\u064a\u060c \u0645\u0633\u0643<\/p>","protected":false},"featured_media":5883,"comment_status":"open","ping_status":"closed","template":"","meta":{"om_disable_all_campaigns":false,"_monsterinsights_skip_tracking":false,"_monsterinsights_sitenote_active":false,"_monsterinsights_sitenote_note":"","_monsterinsights_sitenote_category":0},"product_brand":[],"product_cat":[128],"product_tag":[],"class_list":{"0":"post-5712","1":"product","2":"type-product","3":"status-publish","4":"has-post-thumbnail","6":"product_cat-128","9":"instock","10":"sale","11":"shipping-taxable","12":"purchasable","13":"product-type-simple"},"aioseo_notices":[],"jetpack_sharing_enabled":true,"_links":{"self":[{"href":"https:\/\/zahia.store\/tr\/wp-json\/wp\/v2\/product\/5712","targetHints":{"allow":["GET"]}}],"collection":[{"href":"https:\/\/zahia.store\/tr\/wp-json\/wp\/v2\/product"}],"about":[{"href":"https:\/\/zahia.store\/tr\/wp-json\/wp\/v2\/types\/product"}],"replies":[{"embeddable":true,"href":"https:\/\/zahia.store\/tr\/wp-json\/wp\/v2\/comments?post=5712"}],"version-history":[{"count":3,"href":"https:\/\/zahia.store\/tr\/wp-json\/wp\/v2\/product\/5712\/revisions"}],"predecessor-version":[{"id":6371,"href":"https:\/\/zahia.store\/tr\/wp-json\/wp\/v2\/product\/5712\/revisions\/6371"}],"wp:featuredmedia":[{"embeddable":true,"href":"https:\/\/zahia.store\/tr\/wp-json\/wp\/v2\/media\/5883"}],"wp:attachment":[{"href":"https:\/\/zahia.store\/tr\/wp-json\/wp\/v2\/media?parent=5712"}],"wp:term":[{"taxonomy":"product_brand","embeddable":true,"href":"https:\/\/zahia.store\/tr\/wp-json\/wp\/v2\/product_brand?post=5712"},{"taxonomy":"product_cat","embeddable":true,"href":"https:\/\/zahia.store\/tr\/wp-json\/wp\/v2\/product_cat?post=5712"},{"taxonomy":"product_tag","embeddable":true,"href":"https:\/\/zahia.store\/tr\/wp-json\/wp\/v2\/product_tag?post=5712"}],"curies":[{"name":"wp","href":"https:\/\/api.w.org\/{rel}","templated":true}]}}