{"id":5717,"date":"2025-11-10T12:22:37","date_gmt":"2025-11-10T10:22:37","guid":{"rendered":"https:\/\/zahia.store\/?post_type=product&#038;p=5717"},"modified":"2026-04-01T11:44:20","modified_gmt":"2026-04-01T09:44:20","slug":"%d8%b2%d8%a7%d9%87%d9%8a%d8%a9-%d9%88%d8%a7%d9%8a%d8%aa-%d9%85%d8%b3%d9%83-3-%d9%85%d9%84","status":"publish","type":"product","link":"https:\/\/zahia.store\/tr\/urun\/%d8%b2%d8%a7%d9%87%d9%8a%d8%a9-%d9%88%d8%a7%d9%8a%d8%aa-%d9%85%d8%b3%d9%83-3-%d9%85%d9%84\/","title":{"rendered":"\u0628\u0648\u0643\u0633 \u0647\u062f\u0627\u064a\u0627 \u0648\u0627\u064a\u062a \u0645\u0633\u0643 \u0641\u0627\u062e\u0631 3 \u0645\u0644"},"content":{"rendered":"","protected":false},"excerpt":{"rendered":"<p><strong>Zahia white Musk\u0131<\/strong>\u00a0Oryantal parf\u00fcmler d\u00fcnyas\u0131nda antik \u00e7a\u011f\u0131n ve \u00f6zg\u00fcnl\u00fc\u011f\u00fcn ruhunu temsil eden Zahia parf\u00fcm \u015firketinden l\u00fcks bir m\u00fccevherdir.<\/p>","protected":false},"featured_media":5881,"comment_status":"open","ping_status":"closed","template":"","meta":{"om_disable_all_campaigns":false,"_monsterinsights_skip_tracking":false,"_monsterinsights_sitenote_active":false,"_monsterinsights_sitenote_note":"","_monsterinsights_sitenote_category":0},"product_brand":[],"product_cat":[102],"product_tag":[],"class_list":{"0":"post-5717","1":"product","2":"type-product","3":"status-publish","4":"has-post-thumbnail","6":"product_cat-102","9":"instock","10":"sale","11":"shipping-taxable","12":"purchasable","13":"product-type-simple"},"aioseo_notices":[],"jetpack_sharing_enabled":true,"_links":{"self":[{"href":"https:\/\/zahia.store\/tr\/wp-json\/wp\/v2\/product\/5717","targetHints":{"allow":["GET"]}}],"collection":[{"href":"https:\/\/zahia.store\/tr\/wp-json\/wp\/v2\/product"}],"about":[{"href":"https:\/\/zahia.store\/tr\/wp-json\/wp\/v2\/types\/product"}],"replies":[{"embeddable":true,"href":"https:\/\/zahia.store\/tr\/wp-json\/wp\/v2\/comments?post=5717"}],"version-history":[{"count":3,"href":"https:\/\/zahia.store\/tr\/wp-json\/wp\/v2\/product\/5717\/revisions"}],"predecessor-version":[{"id":6247,"href":"https:\/\/zahia.store\/tr\/wp-json\/wp\/v2\/product\/5717\/revisions\/6247"}],"wp:featuredmedia":[{"embeddable":true,"href":"https:\/\/zahia.store\/tr\/wp-json\/wp\/v2\/media\/5881"}],"wp:attachment":[{"href":"https:\/\/zahia.store\/tr\/wp-json\/wp\/v2\/media?parent=5717"}],"wp:term":[{"taxonomy":"product_brand","embeddable":true,"href":"https:\/\/zahia.store\/tr\/wp-json\/wp\/v2\/product_brand?post=5717"},{"taxonomy":"product_cat","embeddable":true,"href":"https:\/\/zahia.store\/tr\/wp-json\/wp\/v2\/product_cat?post=5717"},{"taxonomy":"product_tag","embeddable":true,"href":"https:\/\/zahia.store\/tr\/wp-json\/wp\/v2\/product_tag?post=5717"}],"curies":[{"name":"wp","href":"https:\/\/api.w.org\/{rel}","templated":true}]}}