{"id":5741,"date":"2025-11-10T12:44:31","date_gmt":"2025-11-10T10:44:31","guid":{"rendered":"https:\/\/zahia.store\/?post_type=product&#038;p=5741"},"modified":"2026-04-01T12:10:34","modified_gmt":"2026-04-01T10:10:34","slug":"%d8%b9%d8%b7%d8%b1-%d8%b3%d8%a8%d8%a3-%d9%84%d9%84%d9%86%d8%b3%d8%a7%d8%a1-50-%d9%85%d9%84","status":"publish","type":"product","link":"https:\/\/zahia.store\/tr\/urun\/%d8%b9%d8%b7%d8%b1-%d8%b3%d8%a8%d8%a3-%d9%84%d9%84%d9%86%d8%b3%d8%a7%d8%a1-50-%d9%85%d9%84\/","title":{"rendered":"\u0632\u0627\u0647\u064a\u0629 \u0633\u0628\u0623 SABA\u2019A \u0623\u0648 \u062f\u0648 \u0628\u0627\u0631\u0641\u064a\u0648\u0645 \u0641\u0627\u062e\u0631 \u2013 \u062b\u0628\u0627\u062a \u0637\u0648\u064a\u0644 \u2013 \u0639\u0637\u0631 \u0646\u0633\u0627\u0626\u064a 50 \u0645\u0644"},"content":{"rendered":"<ul>\n<li><strong>Koku:<\/strong><br \/>\nAromatik bitkilerin dokunu\u015flar\u0131yla \u00e7i\u00e7eksi ve asitli notalar\u0131n yumu\u015fak bir kar\u0131\u015f\u0131m\u0131na sahip olan spa kokusu, g\u00fcn boyu size rahatl\u0131k ve rahatlama hissi verir.<\/p>\n<ul>\n<li><em>\u00dcst s\u0131n\u0131f:<\/em> Bergamot ve limonun ferahlat\u0131c\u0131 notalar\u0131.<\/li>\n<li><em>Orta s\u0131n\u0131f:<\/em> Yasemin ve portakal \u00e7i\u00e7ekleri gibi feminen \u00e7i\u00e7ek notalar\u0131.<\/li>\n<li><em>Temel katman:<\/em> Beyaz misk ve sandal a\u011fac\u0131n\u0131n yumu\u015fak bir dokunu\u015fu s\u0131k\u0131l\u0131\u011f\u0131 ve s\u0131cakl\u0131\u011f\u0131 art\u0131r\u0131r.<\/li>\n<\/ul>\n<\/li>\n<li><strong>Avantajlar:<\/strong>\n<ul>\n<li>G\u00fcn\u00fcn\u00fcze tazelik ve huzur hissi vermek i\u00e7in \u00f6zel olarak tasarlanm\u0131\u015ft\u0131r.<\/li>\n<li>\u0130\u015f, \u00f6zel g\u00fcnler ve hatta evde rahatlama seanslar\u0131 i\u00e7in her zaman uygundur.<\/li>\n<li>G\u00fcn boyunca kendine \u00f6zg\u00fc kokunuzu korumak i\u00e7in uzun \u00f6m\u00fcrl\u00fc bir form\u00fclle.<\/li>\n<\/ul>\n<\/li>\n<li><strong>Dizayn:<\/strong><br \/>\nGer\u00e7ek bir \u201cspa\u201d deneyimini temsil etmek i\u00e7in do\u011fadan ilham alan yat\u0131\u015ft\u0131r\u0131c\u0131 renklerle sadeli\u011fi ve feminen g\u00fczelli\u011fi yans\u0131tan zarif bir \u015fi\u015fe.<\/li>\n<\/ul>","protected":false},"excerpt":{"rendered":"<p><strong>Kad\u0131nlar i\u00e7in Spa parf\u00fcm\u00fc<\/strong> Sakin do\u011fadan ve l\u00fcks dinlenme seanslar\u0131ndan ilham alan bir kompozisyonla Zahia parf\u00fcm firmas\u0131 taraf\u0131ndan sunulan tazeli\u011fin ve b\u00fcy\u00fcleyici kad\u0131nl\u0131\u011f\u0131n adresidir.<\/p>","protected":false},"featured_media":5876,"comment_status":"closed","ping_status":"closed","template":"","meta":{"om_disable_all_campaigns":false,"_monsterinsights_skip_tracking":false,"_monsterinsights_sitenote_active":false,"_monsterinsights_sitenote_note":"","_monsterinsights_sitenote_category":0},"product_brand":[],"product_cat":[99],"product_tag":[],"class_list":{"0":"post-5741","1":"product","2":"type-product","3":"status-publish","4":"has-post-thumbnail","6":"product_cat-parfum","9":"instock","10":"sale","11":"shipping-taxable","12":"purchasable","13":"product-type-simple"},"aioseo_notices":[],"jetpack_sharing_enabled":true,"_links":{"self":[{"href":"https:\/\/zahia.store\/tr\/wp-json\/wp\/v2\/product\/5741","targetHints":{"allow":["GET"]}}],"collection":[{"href":"https:\/\/zahia.store\/tr\/wp-json\/wp\/v2\/product"}],"about":[{"href":"https:\/\/zahia.store\/tr\/wp-json\/wp\/v2\/types\/product"}],"replies":[{"embeddable":true,"href":"https:\/\/zahia.store\/tr\/wp-json\/wp\/v2\/comments?post=5741"}],"version-history":[{"count":2,"href":"https:\/\/zahia.store\/tr\/wp-json\/wp\/v2\/product\/5741\/revisions"}],"predecessor-version":[{"id":6284,"href":"https:\/\/zahia.store\/tr\/wp-json\/wp\/v2\/product\/5741\/revisions\/6284"}],"wp:featuredmedia":[{"embeddable":true,"href":"https:\/\/zahia.store\/tr\/wp-json\/wp\/v2\/media\/5876"}],"wp:attachment":[{"href":"https:\/\/zahia.store\/tr\/wp-json\/wp\/v2\/media?parent=5741"}],"wp:term":[{"taxonomy":"product_brand","embeddable":true,"href":"https:\/\/zahia.store\/tr\/wp-json\/wp\/v2\/product_brand?post=5741"},{"taxonomy":"product_cat","embeddable":true,"href":"https:\/\/zahia.store\/tr\/wp-json\/wp\/v2\/product_cat?post=5741"},{"taxonomy":"product_tag","embeddable":true,"href":"https:\/\/zahia.store\/tr\/wp-json\/wp\/v2\/product_tag?post=5741"}],"curies":[{"name":"wp","href":"https:\/\/api.w.org\/{rel}","templated":true}]}}